{"id":1353,"date":"2016-07-12T21:43:33","date_gmt":"2016-07-12T21:43:33","guid":{"rendered":"https:\/\/www.barrilete.es\/donde-estamos\/"},"modified":"2023-07-31T08:14:55","modified_gmt":"2023-07-31T08:14:55","slug":"onde-estamos","status":"publish","type":"page","link":"https:\/\/www.barrilete.es\/gl\/onde-estamos\/","title":{"rendered":"Onde estamos"},"content":{"rendered":"<p>[vc_row][vc_column width=&#8221;1\/3&#8243;]<div class=\"aio-icon-component  vc_custom_1488798240287   style_1\"><div id=\"Info-box-wrap-9138\" class=\"aio-icon-box left-icon\" style=\"\"  ><div class=\"aio-icon-left\"><div class=\"ult-just-icon-wrapper  \"><div class=\"align-icon\" style=\"text-align:center;\">\n<div class=\"aio-icon none \"  style=\"color:#c4ac70;font-size:20px;display:inline-block;\">\n\t<i class=\"icomoon-free-social-contact-16x16-envelop\"><\/i>\n<\/div><\/div><\/div><\/div><div class=\"aio-ibd-block\"><div class=\"aio-icon-header\" ><h3 class=\"aio-icon-title ult-responsive\"  data-ultimate-target='#Info-box-wrap-9138 .aio-icon-title'  data-responsive-json-new='{\"font-size\":\"desktop:16px;\",\"line-height\":\"desktop:26px;\"}'  style=\"font-family:&#039;Montserrat&#039;;font-weight:700;\">Email<\/h3><\/div> <!-- header --><div class=\"aio-icon-description ult-responsive\"  data-ultimate-target='#Info-box-wrap-9138 .aio-icon-description'  data-responsive-json-new='{\"font-size\":\"\",\"line-height\":\"\"}'  style=\"\">barriletefoz@gmail.com<\/div> <!-- description --><\/div> <!-- aio-ibd-block --><\/div> <!-- aio-icon-box --><\/div> <!-- aio-icon-component --><div class=\"aio-icon-component  vc_custom_1490090654401   style_1\"><div id=\"Info-box-wrap-4104\" class=\"aio-icon-box left-icon\" style=\"\"  ><div class=\"aio-icon-left\"><div class=\"ult-just-icon-wrapper  \"><div class=\"align-icon\" style=\"text-align:center;\">\n<div class=\"aio-icon none \"  style=\"color:#c4ac70;font-size:20px;display:inline-block;\">\n\t<i class=\"icomoon-free-social-contact-16x16-phone\"><\/i>\n<\/div><\/div><\/div><\/div><div class=\"aio-ibd-block\"><div class=\"aio-icon-header\" ><h3 class=\"aio-icon-title ult-responsive\"  data-ultimate-target='#Info-box-wrap-4104 .aio-icon-title'  data-responsive-json-new='{\"font-size\":\"desktop:16px;\",\"line-height\":\"desktop:26px;\"}'  style=\"font-family:&#039;Montserrat&#039;;font-weight:700;\">Tel\u00e9fono<\/h3><\/div> <!-- header --><div class=\"aio-icon-description ult-responsive\"  data-ultimate-target='#Info-box-wrap-4104 .aio-icon-description'  data-responsive-json-new='{\"font-size\":\"\",\"line-height\":\"\"}'  style=\"\">982 133 636<\/div> <!-- description --><\/div> <!-- aio-ibd-block --><\/div> <!-- aio-icon-box --><\/div> <!-- aio-icon-component --><div class=\"aio-icon-component  vc_custom_1490090681675   style_1\"><div id=\"Info-box-wrap-3451\" class=\"aio-icon-box left-icon\" style=\"\"  ><div class=\"aio-icon-left\"><div class=\"ult-just-icon-wrapper  \"><div class=\"align-icon\" style=\"text-align:center;\">\n<div class=\"aio-icon none \"  style=\"color:#c4ac70;font-size:20px;display:inline-block;\">\n\t<i class=\"icomoon-free-social-contact-16x16-home\"><\/i>\n<\/div><\/div><\/div><\/div><div class=\"aio-ibd-block\"><div class=\"aio-icon-header\" ><h3 class=\"aio-icon-title ult-responsive\"  data-ultimate-target='#Info-box-wrap-3451 .aio-icon-title'  data-responsive-json-new='{\"font-size\":\"desktop:16px;\",\"line-height\":\"desktop:26px;\"}'  style=\"font-family:&#039;Montserrat&#039;;font-weight:700;\">Enderezo<\/h3><\/div> <!-- header --><div class=\"aio-icon-description ult-responsive\"  data-ultimate-target='#Info-box-wrap-3451 .aio-icon-description'  data-responsive-json-new='{\"font-size\":\"\",\"line-height\":\"\"}'  style=\"\">R\u00faa\u00a0Illa Nova, 17<br \/>\n27780 Foz (Lugo)<\/div> <!-- description --><\/div> <!-- aio-ibd-block --><\/div> <!-- aio-icon-box --><\/div> <!-- aio-icon-component --><div class=\"aio-icon-component  vc_custom_1690791290326   style_1\"><div id=\"Info-box-wrap-5693\" class=\"aio-icon-box left-icon\" style=\"\"  ><div class=\"aio-icon-left\"><div class=\"ult-just-icon-wrapper  \"><div class=\"align-icon\" style=\"text-align:center;\">\n<div class=\"aio-icon none \"  style=\"color:#c4ac70;font-size:20px;display:inline-block;\">\n\t<i class=\"icomoon-free-social-contact-16x16-clock\"><\/i>\n<\/div><\/div><\/div><\/div><div class=\"aio-ibd-block\"><div class=\"aio-icon-header\" ><h3 class=\"aio-icon-title ult-responsive\"  data-ultimate-target='#Info-box-wrap-5693 .aio-icon-title'  data-responsive-json-new='{\"font-size\":\"desktop:16px;\",\"line-height\":\"desktop:26px;\"}'  style=\"font-family:&#039;Montserrat&#039;;font-weight:700;\">Horario<\/h3><\/div> <!-- header --><div class=\"aio-icon-description ult-responsive\"  data-ultimate-target='#Info-box-wrap-5693 .aio-icon-description'  data-responsive-json-new='{\"font-size\":\"\",\"line-height\":\"\"}'  style=\"\">De 12:30 a 15:30 e de 19:30 a 23:30 horas.<\/div> <!-- description --><\/div> <!-- aio-ibd-block --><\/div> <!-- aio-icon-box --><\/div> <!-- aio-icon-component -->[\/vc_column][vc_column width=&#8221;1\/3&#8243;][vc_gmaps link=&#8221;#E-8_JTNDaWZyYW1lJTIwc3JjJTNEJTIyaHR0cHMlM0ElMkYlMkZ3d3cuZ29vZ2xlLmNvbSUyRm1hcHMlMkZlbWJlZCUzRnBiJTNEJTIxMW0xOCUyMTFtMTIlMjExbTMlMjExZDI4OTAuNTk4NzUxMjY2Mzc1JTIxMmQtNy4yNTMzNzk0NDg3MzQyMTUlMjEzZDQzLjU3MzI0MzM2NTUxMjU3JTIxMm0zJTIxMWYwJTIxMmYwJTIxM2YwJTIxM20yJTIxMWkxMDI0JTIxMmk3NjglMjE0ZjEzLjElMjEzbTMlMjExbTIlMjExczB4ZDMyMjgxMTFjYjUyYWZiJTI1M0EweDM2YWRjZjEwOTQ0ZjI2MjglMjEyc1Jlc3RhdXJhbnRlJTJCQmFycmlsZXRlJTIxNWUwJTIxM20yJTIxMXNlcyUyMTJzZXMlMjE0djE0ODg1NzY1NjU1ODMlMjIlMjB3aWR0aCUzRCUyMjYwMCUyMiUyMGhlaWdodCUzRCUyMjQ1MCUyMiUyMGZyYW1lYm9yZGVyJTNEJTIyMCUyMiUyMHN0eWxlJTNEJTIyYm9yZGVyJTNBMCUyMiUyMGFsbG93ZnVsbHNjcmVlbiUzRSUzQyUyRmlmcmFtZSUzRQ==&#8221;][\/vc_column][vc_column width=&#8221;1\/3&#8243;][vc_raw_html]JTNDcCUzRSUzQ2RpdiUyMGlkJTNEJTIyVEFfc2VsZnNlcnZlcHJvcDQ0NyUyMiUyMGNsYXNzJTNEJTIyVEFfc2VsZnNlcnZlcHJvcCUyMiUzRSUwQSUzQ3VsJTIwaWQlM0QlMjJneDJwN2M4TWElMjIlMjBjbGFzcyUzRCUyMlRBX2xpbmtzJTIwM1BHRWh6QzlaOCUyMiUzRSUwQSUzQ2xpJTIwaWQlM0QlMjJzUERGQlQlMjIlMjBjbGFzcyUzRCUyMmpDZ0QwcVFhenMlMjIlM0UlMEElM0NhJTIwdGFyZ2V0JTNEJTIyX2JsYW5rJTIyJTIwaHJlZiUzRCUyMmh0dHBzJTNBJTJGJTJGd3d3LnRyaXBhZHZpc29yLmVzJTJGJTIyJTNFJTNDaW1nJTIwc3JjJTNEJTIyaHR0cHMlM0ElMkYlMkZ3d3cudHJpcGFkdmlzb3IuZXMlMkZpbWclMkZjZHNpJTJGaW1nMiUyRmJyYW5kaW5nJTJGMTUwX2xvZ28tMTE5MDAtMi5wbmclMjIlMjBhbHQlM0QlMjJUcmlwQWR2aXNvciUyMiUyRiUzRSUzQyUyRmElM0UlMEElM0MlMkZsaSUzRSUwQSUzQyUyRnVsJTNFJTBBJTNDJTJGZGl2JTNFJTBBJTNDc2NyaXB0JTIwc3JjJTNEJTIyaHR0cHMlM0ElMkYlMkZ3d3cuanNjYWNoZS5jb20lMkZ3ZWpzJTNGd3R5cGUlM0RzZWxmc2VydmVwcm9wJTI2YW1wJTNCdW5pcSUzRDQ0NyUyNmFtcCUzQmxvY2F0aW9uSWQlM0QzMzQxMjU4JTI2YW1wJTNCbGFuZyUzRGVzJTI2YW1wJTNCcmF0aW5nJTNEdHJ1ZSUyNmFtcCUzQm5yZXZpZXdzJTNENCUyNmFtcCUzQndyaXRlcmV2aWV3bGluayUzRHRydWUlMjZhbXAlM0Jwb3BJZHglM0R0cnVlJTI2YW1wJTNCaXN3aWRlJTNEZmFsc2UlMjZhbXAlM0Jib3JkZXIlM0R0cnVlJTI2YW1wJTNCZGlzcGxheV92ZXJzaW9uJTNEMiUyMiUzRSUzQyUyRnNjcmlwdCUzRSUwQSUzQyUyRnAlM0U=[\/vc_raw_html][\/vc_column][\/vc_row]<\/p>\n","protected":false},"excerpt":{"rendered":"<p>[vc_row][vc_column width=&#8221;1\/3&#8243;][\/vc_column][vc_column width=&#8221;1\/3&#8243;][vc_gmaps link=&#8221;#E-8_JTNDaWZyYW1lJTIwc3JjJTNEJTIyaHR0cHMlM0ElMkYlMkZ3d3cuZ29vZ2xlLmNvbSUyRm1hcHMlMkZlbWJlZCUzRnBiJTNEJTIxMW0xOCUyMTFtMTIlMjExbTMlMjExZDI4OTAuNTk4NzUxMjY2Mzc1JTIxMmQtNy4yNTMzNzk0NDg3MzQyMTUlMjEzZDQzLjU3MzI0MzM2NTUxMjU3JTIxMm0zJTIxMWYwJTIxMmYwJTIxM2YwJTIxM20yJTIxMWkxMDI0JTIxMmk3NjglMjE0ZjEzLjElMjEzbTMlMjExbTIlMjExczB4ZDMyMjgxMTFjYjUyYWZiJTI1M0EweDM2YWRjZjEwOTQ0ZjI2MjglMjEyc1Jlc3RhdXJhbnRlJTJCQmFycmlsZXRlJTIxNWUwJTIxM20yJTIxMXNlcyUyMTJzZXMlMjE0djE0ODg1NzY1NjU1ODMlMjIlMjB3aWR0aCUzRCUyMjYwMCUyMiUyMGhlaWdodCUzRCUyMjQ1MCUyMiUyMGZyYW1lYm9yZGVyJTNEJTIyMCUyMiUyMHN0eWxlJTNEJTIyYm9yZGVyJTNBMCUyMiUyMGFsbG93ZnVsbHNjcmVlbiUzRSUzQyUyRmlmcmFtZSUzRQ==&#8221;][\/vc_column][vc_column width=&#8221;1\/3&#8243;][vc_raw_html]JTNDcCUzRSUzQ2RpdiUyMGlkJTNEJTIyVEFfc2VsZnNlcnZlcHJvcDQ0NyUyMiUyMGNsYXNzJTNEJTIyVEFfc2VsZnNlcnZlcHJvcCUyMiUzRSUwQSUzQ3VsJTIwaWQlM0QlMjJneDJwN2M4TWElMjIlMjBjbGFzcyUzRCUyMlRBX2xpbmtzJTIwM1BHRWh6QzlaOCUyMiUzRSUwQSUzQ2xpJTIwaWQlM0QlMjJzUERGQlQlMjIlMjBjbGFzcyUzRCUyMmpDZ0QwcVFhenMlMjIlM0UlMEElM0NhJTIwdGFyZ2V0JTNEJTIyX2JsYW5rJTIyJTIwaHJlZiUzRCUyMmh0dHBzJTNBJTJGJTJGd3d3LnRyaXBhZHZpc29yLmVzJTJGJTIyJTNFJTNDaW1nJTIwc3JjJTNEJTIyaHR0cHMlM0ElMkYlMkZ3d3cudHJpcGFkdmlzb3IuZXMlMkZpbWclMkZjZHNpJTJGaW1nMiUyRmJyYW5kaW5nJTJGMTUwX2xvZ28tMTE5MDAtMi5wbmclMjIlMjBhbHQlM0QlMjJUcmlwQWR2aXNvciUyMiUyRiUzRSUzQyUyRmElM0UlMEElM0MlMkZsaSUzRSUwQSUzQyUyRnVsJTNFJTBBJTNDJTJGZGl2JTNFJTBBJTNDc2NyaXB0JTIwc3JjJTNEJTIyaHR0cHMlM0ElMkYlMkZ3d3cuanNjYWNoZS5jb20lMkZ3ZWpzJTNGd3R5cGUlM0RzZWxmc2VydmVwcm9wJTI2YW1wJTNCdW5pcSUzRDQ0NyUyNmFtcCUzQmxvY2F0aW9uSWQlM0QzMzQxMjU4JTI2YW1wJTNCbGFuZyUzRGVzJTI2YW1wJTNCcmF0aW5nJTNEdHJ1ZSUyNmFtcCUzQm5yZXZpZXdzJTNENCUyNmFtcCUzQndyaXRlcmV2aWV3bGluayUzRHRydWUlMjZhbXAlM0Jwb3BJZHglM0R0cnVlJTI2YW1wJTNCaXN3aWRlJTNEZmFsc2UlMjZhbXAlM0Jib3JkZXIlM0R0cnVlJTI2YW1wJTNCZGlzcGxheV92ZXJzaW9uJTNEMiUyMiUzRSUzQyUyRnNjcmlwdCUzRSUwQSUzQyUyRnAlM0U=[\/vc_raw_html][\/vc_column][\/vc_row]<\/p>\n","protected":false},"author":1,"featured_media":0,"parent":0,"menu_order":5,"comment_status":"closed","ping_status":"closed","template":"","meta":{"footnotes":""},"class_list":["post-1353","page","type-page","status-publish","hentry","description-off"],"yoast_head":"<!-- This site is optimized with the Yoast SEO plugin v27.4 - https:\/\/yoast.com\/product\/yoast-seo-wordpress\/ -->\n<title>Onde estamos? | Pizzer\u00eda Restaurante Barrilete | Foz (Lugo)<\/title>\n<meta name=\"description\" content=\"O restaurante pizzer\u00eda Barrilete est\u00e1 en Foz (Lugo). Desfruta dun dos cl\u00e1sicos da ruta de ca\u00f1as e tapas de Foz e degusta os nosos arroces, pizzas e raci\u00f3ns!\" \/>\n<meta name=\"robots\" content=\"index, follow, max-snippet:-1, max-image-preview:large, max-video-preview:-1\" \/>\n<link rel=\"canonical\" href=\"https:\/\/www.barrilete.es\/gl\/onde-estamos\/\" \/>\n<meta property=\"og:locale\" content=\"gl_ES\" \/>\n<meta property=\"og:type\" content=\"article\" \/>\n<meta property=\"og:title\" content=\"Onde estamos? | Pizzer\u00eda Restaurante Barrilete | Foz (Lugo)\" \/>\n<meta property=\"og:description\" content=\"O restaurante pizzer\u00eda Barrilete est\u00e1 en Foz (Lugo). Desfruta dun dos cl\u00e1sicos da ruta de ca\u00f1as e tapas de Foz e degusta os nosos arroces, pizzas e raci\u00f3ns!\" \/>\n<meta property=\"og:url\" content=\"https:\/\/www.barrilete.es\/gl\/onde-estamos\/\" \/>\n<meta property=\"og:site_name\" content=\"Barrilete\" \/>\n<meta property=\"article:modified_time\" content=\"2023-07-31T08:14:55+00:00\" \/>\n<meta name=\"twitter:card\" content=\"summary_large_image\" \/>\n<meta name=\"twitter:label1\" content=\"Tempo de lectura\" \/>\n\t<meta name=\"twitter:data1\" content=\"1 minuto\" \/>\n<script type=\"application\/ld+json\" class=\"yoast-schema-graph\">{\"@context\":\"https:\\\/\\\/schema.org\",\"@graph\":[{\"@type\":\"WebPage\",\"@id\":\"https:\\\/\\\/www.barrilete.es\\\/gl\\\/onde-estamos\\\/\",\"url\":\"https:\\\/\\\/www.barrilete.es\\\/gl\\\/onde-estamos\\\/\",\"name\":\"Onde estamos? | Pizzer\u00eda Restaurante Barrilete | Foz (Lugo)\",\"isPartOf\":{\"@id\":\"https:\\\/\\\/www.barrilete.es\\\/gl\\\/#website\"},\"datePublished\":\"2016-07-12T21:43:33+00:00\",\"dateModified\":\"2023-07-31T08:14:55+00:00\",\"description\":\"O restaurante pizzer\u00eda Barrilete est\u00e1 en Foz (Lugo). Desfruta dun dos cl\u00e1sicos da ruta de ca\u00f1as e tapas de Foz e degusta os nosos arroces, pizzas e raci\u00f3ns!\",\"breadcrumb\":{\"@id\":\"https:\\\/\\\/www.barrilete.es\\\/gl\\\/onde-estamos\\\/#breadcrumb\"},\"inLanguage\":\"gl-ES\",\"potentialAction\":[{\"@type\":\"ReadAction\",\"target\":[\"https:\\\/\\\/www.barrilete.es\\\/gl\\\/onde-estamos\\\/\"]}]},{\"@type\":\"BreadcrumbList\",\"@id\":\"https:\\\/\\\/www.barrilete.es\\\/gl\\\/onde-estamos\\\/#breadcrumb\",\"itemListElement\":[{\"@type\":\"ListItem\",\"position\":1,\"name\":\"Portada\",\"item\":\"https:\\\/\\\/www.barrilete.es\\\/gl\\\/\"},{\"@type\":\"ListItem\",\"position\":2,\"name\":\"Onde estamos\"}]},{\"@type\":\"WebSite\",\"@id\":\"https:\\\/\\\/www.barrilete.es\\\/gl\\\/#website\",\"url\":\"https:\\\/\\\/www.barrilete.es\\\/gl\\\/\",\"name\":\"Barrilete\",\"description\":\"Cervecer\u00eda-pizzer\u00eda en Foz (Lugo)\",\"potentialAction\":[{\"@type\":\"SearchAction\",\"target\":{\"@type\":\"EntryPoint\",\"urlTemplate\":\"https:\\\/\\\/www.barrilete.es\\\/gl\\\/?s={search_term_string}\"},\"query-input\":{\"@type\":\"PropertyValueSpecification\",\"valueRequired\":true,\"valueName\":\"search_term_string\"}}],\"inLanguage\":\"gl-ES\"}]}<\/script>\n<!-- \/ Yoast SEO plugin. -->","yoast_head_json":{"title":"Onde estamos? | Pizzer\u00eda Restaurante Barrilete | Foz (Lugo)","description":"O restaurante pizzer\u00eda Barrilete est\u00e1 en Foz (Lugo). Desfruta dun dos cl\u00e1sicos da ruta de ca\u00f1as e tapas de Foz e degusta os nosos arroces, pizzas e raci\u00f3ns!","robots":{"index":"index","follow":"follow","max-snippet":"max-snippet:-1","max-image-preview":"max-image-preview:large","max-video-preview":"max-video-preview:-1"},"canonical":"https:\/\/www.barrilete.es\/gl\/onde-estamos\/","og_locale":"gl_ES","og_type":"article","og_title":"Onde estamos? | Pizzer\u00eda Restaurante Barrilete | Foz (Lugo)","og_description":"O restaurante pizzer\u00eda Barrilete est\u00e1 en Foz (Lugo). Desfruta dun dos cl\u00e1sicos da ruta de ca\u00f1as e tapas de Foz e degusta os nosos arroces, pizzas e raci\u00f3ns!","og_url":"https:\/\/www.barrilete.es\/gl\/onde-estamos\/","og_site_name":"Barrilete","article_modified_time":"2023-07-31T08:14:55+00:00","twitter_card":"summary_large_image","twitter_misc":{"Tempo de lectura":"1 minuto"},"schema":{"@context":"https:\/\/schema.org","@graph":[{"@type":"WebPage","@id":"https:\/\/www.barrilete.es\/gl\/onde-estamos\/","url":"https:\/\/www.barrilete.es\/gl\/onde-estamos\/","name":"Onde estamos? | Pizzer\u00eda Restaurante Barrilete | Foz (Lugo)","isPartOf":{"@id":"https:\/\/www.barrilete.es\/gl\/#website"},"datePublished":"2016-07-12T21:43:33+00:00","dateModified":"2023-07-31T08:14:55+00:00","description":"O restaurante pizzer\u00eda Barrilete est\u00e1 en Foz (Lugo). Desfruta dun dos cl\u00e1sicos da ruta de ca\u00f1as e tapas de Foz e degusta os nosos arroces, pizzas e raci\u00f3ns!","breadcrumb":{"@id":"https:\/\/www.barrilete.es\/gl\/onde-estamos\/#breadcrumb"},"inLanguage":"gl-ES","potentialAction":[{"@type":"ReadAction","target":["https:\/\/www.barrilete.es\/gl\/onde-estamos\/"]}]},{"@type":"BreadcrumbList","@id":"https:\/\/www.barrilete.es\/gl\/onde-estamos\/#breadcrumb","itemListElement":[{"@type":"ListItem","position":1,"name":"Portada","item":"https:\/\/www.barrilete.es\/gl\/"},{"@type":"ListItem","position":2,"name":"Onde estamos"}]},{"@type":"WebSite","@id":"https:\/\/www.barrilete.es\/gl\/#website","url":"https:\/\/www.barrilete.es\/gl\/","name":"Barrilete","description":"Cervecer\u00eda-pizzer\u00eda en Foz (Lugo)","potentialAction":[{"@type":"SearchAction","target":{"@type":"EntryPoint","urlTemplate":"https:\/\/www.barrilete.es\/gl\/?s={search_term_string}"},"query-input":{"@type":"PropertyValueSpecification","valueRequired":true,"valueName":"search_term_string"}}],"inLanguage":"gl-ES"}]}},"_links":{"self":[{"href":"https:\/\/www.barrilete.es\/gl\/wp-json\/wp\/v2\/pages\/1353","targetHints":{"allow":["GET"]}}],"collection":[{"href":"https:\/\/www.barrilete.es\/gl\/wp-json\/wp\/v2\/pages"}],"about":[{"href":"https:\/\/www.barrilete.es\/gl\/wp-json\/wp\/v2\/types\/page"}],"author":[{"embeddable":true,"href":"https:\/\/www.barrilete.es\/gl\/wp-json\/wp\/v2\/users\/1"}],"replies":[{"embeddable":true,"href":"https:\/\/www.barrilete.es\/gl\/wp-json\/wp\/v2\/comments?post=1353"}],"version-history":[{"count":3,"href":"https:\/\/www.barrilete.es\/gl\/wp-json\/wp\/v2\/pages\/1353\/revisions"}],"predecessor-version":[{"id":1688,"href":"https:\/\/www.barrilete.es\/gl\/wp-json\/wp\/v2\/pages\/1353\/revisions\/1688"}],"wp:attachment":[{"href":"https:\/\/www.barrilete.es\/gl\/wp-json\/wp\/v2\/media?parent=1353"}],"curies":[{"name":"wp","href":"https:\/\/api.w.org\/{rel}","templated":true}]}}