{"id":1588,"date":"2016-07-12T14:22:14","date_gmt":"2016-07-12T14:22:14","guid":{"rendered":"https:\/\/www.barrilete.es\/sobre-nosotros\/"},"modified":"2020-07-04T11:42:36","modified_gmt":"2020-07-04T11:42:36","slug":"about-us","status":"publish","type":"page","link":"https:\/\/www.barrilete.es\/en\/about-us\/","title":{"rendered":"About us"},"content":{"rendered":"<p>[vc_row type=&#8221;vc_default&#8221; css=&#8221;.vc_custom_1474232685932{padding-top: 10px !important;padding-bottom: 20px !important;}&#8221;][vc_column width=&#8221;1\/2&#8243; css=&#8221;.vc_custom_1469281915280{padding-bottom: 60px !important;}&#8221;]<div id=\"ultimate-heading-857069d0a07d42399\" class=\"uvc-heading ult-adjust-bottom-margin ultimate-heading-857069d0a07d42399 uvc-4335 \" data-hspacer=\"no_spacer\"  data-halign=\"left\" style=\"text-align:left\"><div class=\"uvc-heading-spacer no_spacer\" style=\"top\"><\/div><div class=\"uvc-main-heading ult-responsive\"  data-ultimate-target='.uvc-heading.ultimate-heading-857069d0a07d42399 h2'  data-responsive-json-new='{\"font-size\":\"desktop:40px;\",\"line-height\":\"desktop:45px;\"}' ><h2 style=\"font-family:&#039;Great Vibes&#039;;--font-weight:theme;color:#c5ab6b;\">Visit our<\/h2><\/div><div class=\"uvc-sub-heading ult-responsive\"  data-ultimate-target='.uvc-heading.ultimate-heading-857069d0a07d42399 .uvc-sub-heading '  data-responsive-json-new='{\"font-size\":\"desktop:35px;\",\"line-height\":\"desktop:40px;\"}'  style=\"font-family:&#039;Poppins&#039;;font-weight:normal;color:#303030;margin-bottom:20px;\">RESTAURANT<\/div><\/div>[vc_column_text]Since we opened our doors 17 years ago, our pizzas and tapas\u00a0have made us famous in Foz (Lugo). Barrilete is the perfect place to eat a delicious rice, a pizza or enjoy one of the\u00a0150\u00a0wines that we\u00a0have in our\u00a0temperature-controlled wine cellar.<\/p>\n<p>Our staff is\u00a0looking forward to provide you a nice experience with our flavorful, seasonal meals. Recently, we have renovated\u00a0our restaurant\u00a0turning it into a friendly and luminous establishment where you can enjoy some <em>ca\u00f1as<\/em> and <em>tapas, <\/em>a delicious\u00a0rice, a pizza<em>\u00a0<\/em>or one of the dishes of our Menu.[\/vc_column_text][\/vc_column][vc_column width=&#8221;1\/2&#8243; css=&#8221;.vc_custom_1469281920193{padding-bottom: 20px !important;}&#8221;][vc_single_image image=&#8221;959&#8243; img_size=&#8221;full&#8221; alignment=&#8221;center&#8221; style=&#8221;vc_box_border&#8221; border_color=&#8221;chino&#8221;][\/vc_column][\/vc_row][vc_row][vc_column][vc_separator color=&#8221;custom&#8221; style=&#8221;dashed&#8221; border_width=&#8221;2&#8243; el_width=&#8221;50&#8243; accent_color=&#8221;#c5ab74&#8243;][vc_empty_space height=&#8221;20px&#8221;][\/vc_column][\/vc_row][vc_row][vc_column width=&#8221;1\/2&#8243;]<div id=\"ultimate-heading-314069d0a07d42419\" class=\"uvc-heading ult-adjust-bottom-margin ultimate-heading-314069d0a07d42419 uvc-8342 \" data-hspacer=\"no_spacer\"  data-halign=\"left\" style=\"text-align:left\"><div class=\"uvc-heading-spacer no_spacer\" style=\"top\"><\/div><div class=\"uvc-main-heading ult-responsive\"  data-ultimate-target='.uvc-heading.ultimate-heading-314069d0a07d42419 h2'  data-responsive-json-new='{\"font-size\":\"desktop:40px;\",\"line-height\":\"desktop:45px;\"}' ><h2 style=\"font-family:&#039;Great Vibes&#039;;--font-weight:theme;color:#c5ab6b;\">We are located in<\/h2><\/div><div class=\"uvc-sub-heading ult-responsive\"  data-ultimate-target='.uvc-heading.ultimate-heading-314069d0a07d42419 .uvc-sub-heading '  data-responsive-json-new='{\"font-size\":\"desktop:35px;\",\"line-height\":\"desktop:40px;\"}'  style=\"font-family:&#039;Poppins&#039;;font-weight:normal;color:#303030;margin-bottom:20px;\">FOZ (LUGO)<\/div><\/div>[vc_column_text]The fact that we are located in Galicia offer us a\u00a0great potential, and we try to reflect\u00a0this in our daily work, in the preparation of our dishes and in the service that we offer.[\/vc_column_text][\/vc_column][vc_column width=&#8221;1\/2&#8243;][vc_single_image image=&#8221;956&#8243; img_size=&#8221;full&#8221; alignment=&#8221;center&#8221; style=&#8221;vc_box_border&#8221; border_color=&#8221;chino&#8221;][\/vc_column][\/vc_row][vc_row type=&#8221;vc_default&#8221; bg_type=&#8221;bg_color&#8221; bg_override=&#8221;ex-full&#8221; ult_hide_row=&#8221;ult_hide_row_value&#8221; ult_hide_row_large_screen=&#8221;large_screen&#8221; ult_hide_row_desktop=&#8221;desktop&#8221; ult_hide_row_tablet=&#8221;tablet&#8221; ult_hide_row_tablet_small=&#8221;xs_tablet&#8221; ult_hide_row_mobile=&#8221;mobile&#8221; ult_hide_row_mobile_large=&#8221;xl_mobile&#8221; bg_color_value=&#8221;#f4f4f4&#8243; css=&#8221;.vc_custom_1482432380670{margin-right: 0px !important;margin-left: 0px !important;}&#8221;][vc_column offset=&#8221;vc_col-lg-offset-0 vc_col-lg-12 vc_col-md-offset-0 vc_col-md-12 vc_col-sm-offset-0&#8243; css=&#8221;.vc_custom_1469132298578{padding-top: 80px !important;padding-bottom: 70px !important;}&#8221;]<div id=\"ultimate-heading-380769d0a07d42507\" class=\"uvc-heading ult-adjust-bottom-margin ultimate-heading-380769d0a07d42507 uvc-6336 \" data-hspacer=\"line_with_icon\" data-hline_width=\"80\" data-hicon_type=\"selector\" data-hborder_style=\"double\" data-hborder_height=\"3\" data-hborder_color=\"rgba(0,0,0,0.15)\" data-icon_width=\"10\" data-hfixer=\"10\"  data-halign=\"center\" style=\"text-align:center\"><div class=\"uvc-main-heading ult-responsive\"  data-ultimate-target='.uvc-heading.ultimate-heading-380769d0a07d42507 h2'  data-responsive-json-new='{\"font-size\":\"desktop:60px;tablet:60px;tablet_portrait:40px;mobile_landscape:40px;mobile:40px;\",\"line-height\":\"desktop:65px;tablet:60px;tablet_portrait:45px;mobile_landscape:45px;mobile:45px;\"}' ><h2 style=\"font-family:&#039;Great Vibes&#039;;--font-weight:theme;color:#c5ab6b;margin-bottom:5px;\">Lo que dicen<\/h2><\/div><div class=\"uvc-sub-heading ult-responsive\"  data-ultimate-target='.uvc-heading.ultimate-heading-380769d0a07d42507 .uvc-sub-heading '  data-responsive-json-new='{\"font-size\":\"desktop:50px;tablet:50px;tablet_portrait:35px;mobile_landscape:35px;mobile:35px;\",\"line-height\":\"desktop:55px;tablet:55px;tablet_portrait:35px;mobile_landscape:35px;mobile:35px;\"}'  style=\"font-family:&#039;Poppins&#039;;font-weight:normal;color:#303030;\">SOBRE NOSOTROS<\/div><div class=\"uvc-heading-spacer line_with_icon\" style=\"margin-top:15px;height:10px;\"><div class=\"ult-just-icon-wrapper  \"><div class=\"align-icon\" style=\"text-align:center;\">\n<div class=\"aio-icon none \"  style=\"color:rgba(0,0,0,0.25);font-size:10px;display:inline-block;\">\n\t<i class=\"icomoon-free-social-contact-16x16-svg\"><\/i>\n<\/div><\/div><\/div><\/div><\/div>[\/vc_column][vc_column css=&#8221;.vc_custom_1469303500760{padding-bottom: 110px !important;}&#8221;]<div id=\"ult-carousel-71546690369d0a07d4262e\" class=\"ult-carousel-wrapper  vc_custom_1469452446750  ult_horizontal\" data-gutter=\"0\" data-rtl=\"false\" ><div class=\"ult-carousel-314606892669d0a07d42599 \" >[vc_row_inner][vc_column_inner width=&#8221;2\/3&#8243; offset=&#8221;vc_col-lg-offset-2 vc_col-lg-8 vc_col-md-offset-2 vc_col-md-8 vc_col-sm-offset-2 vc_col-xs-offset-1 vc_col-xs-10&#8243; css=&#8221;.vc_custom_1469132851266{margin-bottom: 20px !important;}&#8221;][vc_single_image image=&#8221;476&#8243; img_size=&#8221;90&#215;90&#8243; alignment=&#8221;center&#8221; style=&#8221;vc_box_circle_2&#8243; onclick=&#8221;custom_link&#8221; img_link_target=&#8221;_blank&#8221; image_hovers=&#8221;false&#8221; css=&#8221;.vc_custom_1469191547848{padding-bottom: 25px !important;}&#8221; link=&#8221;https:\/\/themeforest.net\/item\/the7-responsive-multipurpose-wordpress-theme\/5556590&#8243;]<div class=\"ult-item-wrap\" data-animation=\"animated no-animation\"><div id=\"ultimate-heading-433569d0a07d426b5\" class=\"uvc-heading ult-adjust-bottom-margin ultimate-heading-433569d0a07d426b5 uvc-1772 \" data-hspacer=\"no_spacer\"  data-halign=\"center\" style=\"text-align:center\"><div class=\"uvc-heading-spacer no_spacer\" style=\"top\"><\/div><div class=\"uvc-sub-heading ult-responsive\"  data-ultimate-target='.uvc-heading.ultimate-heading-433569d0a07d426b5 .uvc-sub-heading '  data-responsive-json-new='{\"font-size\":\"desktop:18px;tablet:18px;tablet_portrait:14px;mobile_landscape:14px;mobile:14px;\",\"line-height\":\"desktop:30px;tablet:30px;tablet_portrait:24px;mobile_landscape:24px;mobile:24px;\"}'  style=\"font-style:italic;font-weight:normal;\">In volutpat vehicula iaculis. Nullam dapibus velit vel suscipit malesuada. Morbi tincidunt, dui tristique tincidunt faucibus, purus sapien consectetur libero, vitae venenatis eros lacus vitae erat. Mauris tristique pretium tristique.<\/div><\/div><\/div>[vc_single_image image=&#8221;89&#8243; img_size=&#8221;117&#215;21&#8243; alignment=&#8221;center&#8221; css=&#8221;.vc_custom_1468516279715{padding-top: 20px !important;}&#8221;]<div class=\"ult-item-wrap\" data-animation=\"animated no-animation\"><div id=\"ultimate-heading-883069d0a07d426f3\" class=\"uvc-heading ult-adjust-bottom-margin ultimate-heading-883069d0a07d426f3 uvc-3740 \" data-hspacer=\"no_spacer\"  data-halign=\"center\" style=\"text-align:center\"><div class=\"uvc-heading-spacer no_spacer\" style=\"top\"><\/div><div class=\"uvc-main-heading ult-responsive\"  data-ultimate-target='.uvc-heading.ultimate-heading-883069d0a07d426f3 h3'  data-responsive-json-new='{\"font-size\":\"desktop:18px;\",\"line-height\":\"desktop:28px;\"}' ><h3 style=\"font-weight:bold;color:#c5ab6b;margin-top:20px;\">RICK JAMES<\/h3><\/div><div class=\"uvc-sub-heading ult-responsive\"  data-ultimate-target='.uvc-heading.ultimate-heading-883069d0a07d426f3 .uvc-sub-heading '  data-responsive-json-new='{\"font-size\":\"desktop:14px;\",\"line-height\":\"desktop:28px;\"}'  style=\"font-weight:bold;\">Regular customer<\/div><\/div><\/div>[\/vc_column_inner][\/vc_row_inner][vc_row_inner][vc_column_inner width=&#8221;2\/3&#8243; offset=&#8221;vc_col-lg-offset-2 vc_col-lg-8 vc_col-md-offset-2 vc_col-md-8 vc_col-sm-offset-2 vc_col-xs-offset-1 vc_col-xs-10&#8243; css=&#8221;.vc_custom_1469132851266{margin-bottom: 20px !important;}&#8221;][vc_single_image image=&#8221;475&#8243; img_size=&#8221;90&#215;90&#8243; alignment=&#8221;center&#8221; style=&#8221;vc_box_circle_2&#8243; onclick=&#8221;custom_link&#8221; css=&#8221;.vc_custom_1469191561142{padding-bottom: 25px !important;}&#8221;]<div class=\"ult-item-wrap\" data-animation=\"animated no-animation\"><div id=\"ultimate-heading-795669d0a07d4273b\" class=\"uvc-heading ult-adjust-bottom-margin ultimate-heading-795669d0a07d4273b uvc-9303 \" data-hspacer=\"no_spacer\"  data-halign=\"center\" style=\"text-align:center\"><div class=\"uvc-heading-spacer no_spacer\" style=\"top\"><\/div><div class=\"uvc-sub-heading ult-responsive\"  data-ultimate-target='.uvc-heading.ultimate-heading-795669d0a07d4273b .uvc-sub-heading '  data-responsive-json-new='{\"font-size\":\"desktop:18px;tablet:18px;tablet_portrait:14px;mobile_landscape:14px;mobile:14px;\",\"line-height\":\"desktop:30px;tablet:30px;tablet_portrait:24px;mobile_landscape:24px;mobile:24px;\"}'  style=\"font-style:italic;font-weight:normal;\">WOW! Dapibus velit vel suscipit malesuada. Morbi tincidunt, purus sapien consectetur libero, vitae venenatis eros lacus vitae erat. Mauris tristique pretium tristique.<\/div><\/div><\/div>[vc_single_image image=&#8221;89&#8243; img_size=&#8221;117&#215;21&#8243; alignment=&#8221;center&#8221; css=&#8221;.vc_custom_1468516279715{padding-top: 20px !important;}&#8221;]<div class=\"ult-item-wrap\" data-animation=\"animated no-animation\"><div id=\"ultimate-heading-751769d0a07d42773\" class=\"uvc-heading ult-adjust-bottom-margin ultimate-heading-751769d0a07d42773 uvc-5184 \" data-hspacer=\"no_spacer\"  data-halign=\"center\" style=\"text-align:center\"><div class=\"uvc-heading-spacer no_spacer\" style=\"top\"><\/div><div class=\"uvc-main-heading ult-responsive\"  data-ultimate-target='.uvc-heading.ultimate-heading-751769d0a07d42773 h3'  data-responsive-json-new='{\"font-size\":\"desktop:18px;\",\"line-height\":\"desktop:28px;\"}' ><h3 style=\"font-weight:bold;color:#c5ab6b;margin-top:20px;\">ANNA GREENFIELD<\/h3><\/div><div class=\"uvc-sub-heading ult-responsive\"  data-ultimate-target='.uvc-heading.ultimate-heading-751769d0a07d42773 .uvc-sub-heading '  data-responsive-json-new='{\"font-size\":\"desktop:14px;\",\"line-height\":\"desktop:28px;\"}'  style=\"font-weight:bold;\">Restaurant expert<\/div><\/div><\/div>[\/vc_column_inner][\/vc_row_inner][vc_row_inner][vc_column_inner width=&#8221;2\/3&#8243; offset=&#8221;vc_col-lg-offset-2 vc_col-lg-8 vc_col-md-offset-2 vc_col-md-8 vc_col-sm-offset-2 vc_col-xs-offset-1 vc_col-xs-10&#8243; css=&#8221;.vc_custom_1469132851266{margin-bottom: 20px !important;}&#8221;][vc_single_image image=&#8221;476&#8243; img_size=&#8221;90&#215;90&#8243; alignment=&#8221;center&#8221; style=&#8221;vc_box_circle_2&#8243; onclick=&#8221;custom_link&#8221; img_link_target=&#8221;_blank&#8221; image_hovers=&#8221;false&#8221; css=&#8221;.vc_custom_1469191547848{padding-bottom: 25px !important;}&#8221; link=&#8221;https:\/\/themeforest.net\/item\/the7-responsive-multipurpose-wordpress-theme\/5556590&#8243;]<div class=\"ult-item-wrap\" data-animation=\"animated no-animation\"><div id=\"ultimate-heading-58769d0a07d427b4\" class=\"uvc-heading ult-adjust-bottom-margin ultimate-heading-58769d0a07d427b4 uvc-3648 \" data-hspacer=\"no_spacer\"  data-halign=\"center\" style=\"text-align:center\"><div class=\"uvc-heading-spacer no_spacer\" style=\"top\"><\/div><div class=\"uvc-sub-heading ult-responsive\"  data-ultimate-target='.uvc-heading.ultimate-heading-58769d0a07d427b4 .uvc-sub-heading '  data-responsive-json-new='{\"font-size\":\"desktop:18px;tablet:18px;tablet_portrait:14px;mobile_landscape:14px;mobile:14px;\",\"line-height\":\"desktop:30px;tablet:30px;tablet_portrait:24px;mobile_landscape:24px;mobile:24px;\"}'  style=\"font-style:italic;font-weight:normal;\">Morbi tincidunt, dui tristique tincidunt faucibus, purus sapien consectetur libero, vitae venenatis eros lacus vitae erat. Mauris tristique pretium tristique. Thanx!<\/div><\/div><\/div>[vc_single_image image=&#8221;89&#8243; img_size=&#8221;117&#215;21&#8243; alignment=&#8221;center&#8221; css=&#8221;.vc_custom_1468516279715{padding-top: 20px !important;}&#8221;]<div class=\"ult-item-wrap\" data-animation=\"animated no-animation\"><div id=\"ultimate-heading-165169d0a07d427e8\" class=\"uvc-heading ult-adjust-bottom-margin ultimate-heading-165169d0a07d427e8 uvc-9183 \" data-hspacer=\"no_spacer\"  data-halign=\"center\" style=\"text-align:center\"><div class=\"uvc-heading-spacer no_spacer\" style=\"top\"><\/div><div class=\"uvc-main-heading ult-responsive\"  data-ultimate-target='.uvc-heading.ultimate-heading-165169d0a07d427e8 h3'  data-responsive-json-new='{\"font-size\":\"desktop:18px;\",\"line-height\":\"desktop:28px;\"}' ><h3 style=\"font-weight:bold;color:#c5ab6b;margin-top:20px;\">TIFFANY BRIGHT<\/h3><\/div><div class=\"uvc-sub-heading ult-responsive\"  data-ultimate-target='.uvc-heading.ultimate-heading-165169d0a07d427e8 .uvc-sub-heading '  data-responsive-json-new='{\"font-size\":\"desktop:14px;\",\"line-height\":\"desktop:28px;\"}'  style=\"font-weight:bold;\">Regular customer<\/div><\/div><\/div>[\/vc_column_inner][\/vc_row_inner][vc_row_inner][vc_column_inner width=&#8221;2\/3&#8243; offset=&#8221;vc_col-lg-offset-2 vc_col-lg-8 vc_col-md-offset-2 vc_col-md-8 vc_col-sm-offset-2 vc_col-xs-offset-1 vc_col-xs-10&#8243; css=&#8221;.vc_custom_1469132851266{margin-bottom: 20px !important;}&#8221;][vc_single_image image=&#8221;475&#8243; img_size=&#8221;90&#215;90&#8243; alignment=&#8221;center&#8221; style=&#8221;vc_box_circle_2&#8243; onclick=&#8221;custom_link&#8221; css=&#8221;.vc_custom_1469191561142{padding-bottom: 25px !important;}&#8221;]<div class=\"ult-item-wrap\" data-animation=\"animated no-animation\"><div id=\"ultimate-heading-566569d0a07d42832\" class=\"uvc-heading ult-adjust-bottom-margin ultimate-heading-566569d0a07d42832 uvc-2469 \" data-hspacer=\"no_spacer\"  data-halign=\"center\" style=\"text-align:center\"><div class=\"uvc-heading-spacer no_spacer\" style=\"top\"><\/div><div class=\"uvc-sub-heading ult-responsive\"  data-ultimate-target='.uvc-heading.ultimate-heading-566569d0a07d42832 .uvc-sub-heading '  data-responsive-json-new='{\"font-size\":\"desktop:18px;tablet:18px;tablet_portrait:14px;mobile_landscape:14px;mobile:14px;\",\"line-height\":\"desktop:30px;tablet:30px;tablet_portrait:24px;mobile_landscape:24px;mobile:24px;\"}'  style=\"font-style:italic;font-weight:normal;\">In volutpat vehicula iaculis. Nullam dapibus velit vel suscipit malesuada. Morbi tincidunt, dui tristique tincidunt faucibus, purus sapien consectetur libero, vitae venenatis eros lacus vitae erat. Mauris tristique pretium tristique.<\/div><\/div><\/div>[vc_single_image image=&#8221;89&#8243; img_size=&#8221;117&#215;21&#8243; alignment=&#8221;center&#8221; css=&#8221;.vc_custom_1468516279715{padding-top: 20px !important;}&#8221;]<div class=\"ult-item-wrap\" data-animation=\"animated no-animation\"><div id=\"ultimate-heading-905369d0a07d4286d\" class=\"uvc-heading ult-adjust-bottom-margin ultimate-heading-905369d0a07d4286d uvc-4073 \" data-hspacer=\"no_spacer\"  data-halign=\"center\" style=\"text-align:center\"><div class=\"uvc-heading-spacer no_spacer\" style=\"top\"><\/div><div class=\"uvc-main-heading ult-responsive\"  data-ultimate-target='.uvc-heading.ultimate-heading-905369d0a07d4286d h3'  data-responsive-json-new='{\"font-size\":\"desktop:18px;\",\"line-height\":\"desktop:28px;\"}' ><h3 style=\"font-weight:bold;color:#c5ab6b;margin-top:20px;\">NICK BROWNWOOD<\/h3><\/div><div class=\"uvc-sub-heading ult-responsive\"  data-ultimate-target='.uvc-heading.ultimate-heading-905369d0a07d4286d .uvc-sub-heading '  data-responsive-json-new='{\"font-size\":\"desktop:14px;\",\"line-height\":\"desktop:28px;\"}'  style=\"font-weight:bold;\">Regular customer<\/div><\/div><\/div>[\/vc_column_inner][\/vc_row_inner]<\/div><\/div>\t\t\t<script type=\"text\/javascript\">\n\t\t\t\tjQuery(document).ready(function ($) {\n\t\t\t\t\tif( typeof jQuery('.ult-carousel-314606892669d0a07d42599').slick == \"function\"){\n\t\t\t\t\t\t$('.ult-carousel-314606892669d0a07d42599').slick({dots: true,autoplaySpeed: \"5000\",speed: \"600\",infinite: true,arrows: true,nextArrow: '<button type=\"button\" role=\"button\" aria-label=\"Next\" style=\"color:#ffffff; font-size:26px;background:#c5ab6b;\" class=\"slick-next square-bg\"><i class=\"ultsl-arrow-right4\"><\/i><\/button>',prevArrow: '<button type=\"button\" role=\"button\" aria-label=\"Previous\" style=\"color:#ffffff; font-size:26px;background:#c5ab6b;\" class=\"slick-prev square-bg\"><i class=\"ultsl-arrow-left4\"><\/i><\/button>',slidesToScroll:1,slidesToShow:1,swipe: true,draggable: true,touchMove: true,pauseOnHover: true,pauseOnFocus: false,responsive: [\n\t\t\t\t\t\t\t{\n\t\t\t\t\t\t\t  breakpoint: 1026,\n\t\t\t\t\t\t\t  settings: {\n\t\t\t\t\t\t\t\tslidesToShow: 1,\n\t\t\t\t\t\t\t\tslidesToScroll: 1,  \n\t\t\t\t\t\t\t  }\n\t\t\t\t\t\t\t},\n\t\t\t\t\t\t\t{\n\t\t\t\t\t\t\t  breakpoint: 1025,\n\t\t\t\t\t\t\t  settings: {\n\t\t\t\t\t\t\t\tslidesToShow: 1,\n\t\t\t\t\t\t\t\tslidesToScroll: 1\n\t\t\t\t\t\t\t  }\n\t\t\t\t\t\t\t},\n\t\t\t\t\t\t\t{\n\t\t\t\t\t\t\t  breakpoint: 760,\n\t\t\t\t\t\t\t  settings: {\n\t\t\t\t\t\t\t\tslidesToShow: 1,\n\t\t\t\t\t\t\t\tslidesToScroll: 1\n\t\t\t\t\t\t\t  }\n\t\t\t\t\t\t\t}\n\t\t\t\t\t\t],pauseOnDotsHover: true,customPaging: function(slider, i) {\n                   return '<i type=\"button\" style= \"color:#333333;\" class=\"ultsl-record\" data-role=\"none\"><\/i>';\n                },});\n\t\t\t\t\t}\n\t\t\t\t});\n\t\t\t<\/script>\n\t\t\t[\/vc_column][\/vc_row]<\/p>\n","protected":false},"excerpt":{"rendered":"<p>[vc_row type=&#8221;vc_default&#8221; css=&#8221;.vc_custom_1474232685932{padding-top: 10px !important;padding-bottom: 20px !important;}&#8221;][vc_column width=&#8221;1\/2&#8243; css=&#8221;.vc_custom_1469281915280{padding-bottom: 60px !important;}&#8221;][vc_column_text]Since we opened our doors 17 years ago, our pizzas and tapas\u00a0have made us famous in Foz (Lugo). Barrilete is the perfect place to eat a delicious rice, a pizza or enjoy one of the\u00a0150\u00a0wines that we\u00a0have in our\u00a0temperature-controlled wine cellar. Our staff is\u00a0looking forward&hellip;<\/p>\n","protected":false},"author":1,"featured_media":0,"parent":0,"menu_order":1,"comment_status":"closed","ping_status":"closed","template":"","meta":{"footnotes":""},"class_list":["post-1588","page","type-page","status-publish","hentry","description-off"],"yoast_head":"<!-- This site is optimized with the Yoast SEO plugin v27.3 - https:\/\/yoast.com\/product\/yoast-seo-wordpress\/ -->\n<title>Restaurante pizzer\u00eda Barrilete | Sobre nosotros | Foz (Lugo)<\/title>\n<meta name=\"description\" content=\"El restaurante pizzer\u00eda Barrilete: un cl\u00e1sico en las ca\u00f1as y tapas de Foz. Variedad dentro y fuera de carta: arroces, pescados, pizzas, raciones...\" \/>\n<meta name=\"robots\" content=\"index, follow, max-snippet:-1, max-image-preview:large, max-video-preview:-1\" \/>\n<link rel=\"canonical\" href=\"https:\/\/www.barrilete.es\/en\/about-us\/\" \/>\n<meta property=\"og:locale\" content=\"en_US\" \/>\n<meta property=\"og:type\" content=\"article\" \/>\n<meta property=\"og:title\" content=\"Restaurante pizzer\u00eda Barrilete | Sobre nosotros | Foz (Lugo)\" \/>\n<meta property=\"og:description\" content=\"El restaurante pizzer\u00eda Barrilete: un cl\u00e1sico en las ca\u00f1as y tapas de Foz. Variedad dentro y fuera de carta: arroces, pescados, pizzas, raciones...\" \/>\n<meta property=\"og:url\" content=\"https:\/\/www.barrilete.es\/en\/about-us\/\" \/>\n<meta property=\"og:site_name\" content=\"Barrilete\" \/>\n<meta property=\"article:modified_time\" content=\"2020-07-04T11:42:36+00:00\" \/>\n<meta name=\"twitter:card\" content=\"summary_large_image\" \/>\n<meta name=\"twitter:label1\" content=\"Est. reading time\" \/>\n\t<meta name=\"twitter:data1\" content=\"8 minutes\" \/>\n<script type=\"application\/ld+json\" class=\"yoast-schema-graph\">{\"@context\":\"https:\\\/\\\/schema.org\",\"@graph\":[{\"@type\":\"WebPage\",\"@id\":\"https:\\\/\\\/www.barrilete.es\\\/en\\\/about-us\\\/\",\"url\":\"https:\\\/\\\/www.barrilete.es\\\/en\\\/about-us\\\/\",\"name\":\"Restaurante pizzer\u00eda Barrilete | Sobre nosotros | Foz (Lugo)\",\"isPartOf\":{\"@id\":\"https:\\\/\\\/www.barrilete.es\\\/en\\\/#website\"},\"datePublished\":\"2016-07-12T14:22:14+00:00\",\"dateModified\":\"2020-07-04T11:42:36+00:00\",\"description\":\"El restaurante pizzer\u00eda Barrilete: un cl\u00e1sico en las ca\u00f1as y tapas de Foz. Variedad dentro y fuera de carta: arroces, pescados, pizzas, raciones...\",\"breadcrumb\":{\"@id\":\"https:\\\/\\\/www.barrilete.es\\\/en\\\/about-us\\\/#breadcrumb\"},\"inLanguage\":\"en-US\",\"potentialAction\":[{\"@type\":\"ReadAction\",\"target\":[\"https:\\\/\\\/www.barrilete.es\\\/en\\\/about-us\\\/\"]}]},{\"@type\":\"BreadcrumbList\",\"@id\":\"https:\\\/\\\/www.barrilete.es\\\/en\\\/about-us\\\/#breadcrumb\",\"itemListElement\":[{\"@type\":\"ListItem\",\"position\":1,\"name\":\"Portada\",\"item\":\"https:\\\/\\\/www.barrilete.es\\\/en\\\/\"},{\"@type\":\"ListItem\",\"position\":2,\"name\":\"About us\"}]},{\"@type\":\"WebSite\",\"@id\":\"https:\\\/\\\/www.barrilete.es\\\/en\\\/#website\",\"url\":\"https:\\\/\\\/www.barrilete.es\\\/en\\\/\",\"name\":\"Barrilete\",\"description\":\"Cervecer\u00eda-pizzer\u00eda en Foz (Lugo)\",\"potentialAction\":[{\"@type\":\"SearchAction\",\"target\":{\"@type\":\"EntryPoint\",\"urlTemplate\":\"https:\\\/\\\/www.barrilete.es\\\/en\\\/?s={search_term_string}\"},\"query-input\":{\"@type\":\"PropertyValueSpecification\",\"valueRequired\":true,\"valueName\":\"search_term_string\"}}],\"inLanguage\":\"en-US\"}]}<\/script>\n<!-- \/ Yoast SEO plugin. -->","yoast_head_json":{"title":"Restaurante pizzer\u00eda Barrilete | Sobre nosotros | Foz (Lugo)","description":"El restaurante pizzer\u00eda Barrilete: un cl\u00e1sico en las ca\u00f1as y tapas de Foz. Variedad dentro y fuera de carta: arroces, pescados, pizzas, raciones...","robots":{"index":"index","follow":"follow","max-snippet":"max-snippet:-1","max-image-preview":"max-image-preview:large","max-video-preview":"max-video-preview:-1"},"canonical":"https:\/\/www.barrilete.es\/en\/about-us\/","og_locale":"en_US","og_type":"article","og_title":"Restaurante pizzer\u00eda Barrilete | Sobre nosotros | Foz (Lugo)","og_description":"El restaurante pizzer\u00eda Barrilete: un cl\u00e1sico en las ca\u00f1as y tapas de Foz. Variedad dentro y fuera de carta: arroces, pescados, pizzas, raciones...","og_url":"https:\/\/www.barrilete.es\/en\/about-us\/","og_site_name":"Barrilete","article_modified_time":"2020-07-04T11:42:36+00:00","twitter_card":"summary_large_image","twitter_misc":{"Est. reading time":"8 minutes"},"schema":{"@context":"https:\/\/schema.org","@graph":[{"@type":"WebPage","@id":"https:\/\/www.barrilete.es\/en\/about-us\/","url":"https:\/\/www.barrilete.es\/en\/about-us\/","name":"Restaurante pizzer\u00eda Barrilete | Sobre nosotros | Foz (Lugo)","isPartOf":{"@id":"https:\/\/www.barrilete.es\/en\/#website"},"datePublished":"2016-07-12T14:22:14+00:00","dateModified":"2020-07-04T11:42:36+00:00","description":"El restaurante pizzer\u00eda Barrilete: un cl\u00e1sico en las ca\u00f1as y tapas de Foz. Variedad dentro y fuera de carta: arroces, pescados, pizzas, raciones...","breadcrumb":{"@id":"https:\/\/www.barrilete.es\/en\/about-us\/#breadcrumb"},"inLanguage":"en-US","potentialAction":[{"@type":"ReadAction","target":["https:\/\/www.barrilete.es\/en\/about-us\/"]}]},{"@type":"BreadcrumbList","@id":"https:\/\/www.barrilete.es\/en\/about-us\/#breadcrumb","itemListElement":[{"@type":"ListItem","position":1,"name":"Portada","item":"https:\/\/www.barrilete.es\/en\/"},{"@type":"ListItem","position":2,"name":"About us"}]},{"@type":"WebSite","@id":"https:\/\/www.barrilete.es\/en\/#website","url":"https:\/\/www.barrilete.es\/en\/","name":"Barrilete","description":"Cervecer\u00eda-pizzer\u00eda en Foz (Lugo)","potentialAction":[{"@type":"SearchAction","target":{"@type":"EntryPoint","urlTemplate":"https:\/\/www.barrilete.es\/en\/?s={search_term_string}"},"query-input":{"@type":"PropertyValueSpecification","valueRequired":true,"valueName":"search_term_string"}}],"inLanguage":"en-US"}]}},"_links":{"self":[{"href":"https:\/\/www.barrilete.es\/en\/wp-json\/wp\/v2\/pages\/1588","targetHints":{"allow":["GET"]}}],"collection":[{"href":"https:\/\/www.barrilete.es\/en\/wp-json\/wp\/v2\/pages"}],"about":[{"href":"https:\/\/www.barrilete.es\/en\/wp-json\/wp\/v2\/types\/page"}],"author":[{"embeddable":true,"href":"https:\/\/www.barrilete.es\/en\/wp-json\/wp\/v2\/users\/1"}],"replies":[{"embeddable":true,"href":"https:\/\/www.barrilete.es\/en\/wp-json\/wp\/v2\/comments?post=1588"}],"version-history":[{"count":4,"href":"https:\/\/www.barrilete.es\/en\/wp-json\/wp\/v2\/pages\/1588\/revisions"}],"predecessor-version":[{"id":1648,"href":"https:\/\/www.barrilete.es\/en\/wp-json\/wp\/v2\/pages\/1588\/revisions\/1648"}],"wp:attachment":[{"href":"https:\/\/www.barrilete.es\/en\/wp-json\/wp\/v2\/media?parent=1588"}],"curies":[{"name":"wp","href":"https:\/\/api.w.org\/{rel}","templated":true}]}}