{"id":1567,"date":"2016-07-12T21:43:33","date_gmt":"2016-07-12T21:43:33","guid":{"rendered":"https:\/\/www.barrilete.es\/donde-estamos\/"},"modified":"2023-07-31T08:15:37","modified_gmt":"2023-07-31T08:15:37","slug":"wo-wir-sind","status":"publish","type":"page","link":"https:\/\/www.barrilete.es\/de\/wo-wir-sind\/","title":{"rendered":"Wo wir sind"},"content":{"rendered":"<p>[vc_row][vc_column width=&#8220;1\/3&#8243;]<div class=\"aio-icon-component  vc_custom_1488798240287   style_1\"><div id=\"Info-box-wrap-1144\" class=\"aio-icon-box left-icon\" style=\"\"  ><div class=\"aio-icon-left\"><div class=\"ult-just-icon-wrapper  \"><div class=\"align-icon\" style=\"text-align:center;\">\n<div class=\"aio-icon none \"  style=\"color:#c4ac70;font-size:20px;display:inline-block;\">\n\t<i class=\"icomoon-free-social-contact-16x16-envelop\"><\/i>\n<\/div><\/div><\/div><\/div><div class=\"aio-ibd-block\"><div class=\"aio-icon-header\" ><h3 class=\"aio-icon-title ult-responsive\"  data-ultimate-target='#Info-box-wrap-1144 .aio-icon-title'  data-responsive-json-new='{\"font-size\":\"desktop:16px;\",\"line-height\":\"desktop:26px;\"}'  style=\"font-family:&#039;Montserrat&#039;;font-weight:700;\">Email<\/h3><\/div> <!-- header --><div class=\"aio-icon-description ult-responsive\"  data-ultimate-target='#Info-box-wrap-1144 .aio-icon-description'  data-responsive-json-new='{\"font-size\":\"\",\"line-height\":\"\"}'  style=\"\">barriletefoz@gmail.com<\/div> <!-- description --><\/div> <!-- aio-ibd-block --><\/div> <!-- aio-icon-box --><\/div> <!-- aio-icon-component --><div class=\"aio-icon-component  vc_custom_1491908233735   style_1\"><div id=\"Info-box-wrap-5381\" class=\"aio-icon-box left-icon\" style=\"\"  ><div class=\"aio-icon-left\"><div class=\"ult-just-icon-wrapper  \"><div class=\"align-icon\" style=\"text-align:center;\">\n<div class=\"aio-icon none \"  style=\"color:#c4ac70;font-size:20px;display:inline-block;\">\n\t<i class=\"icomoon-free-social-contact-16x16-phone\"><\/i>\n<\/div><\/div><\/div><\/div><div class=\"aio-ibd-block\"><div class=\"aio-icon-header\" ><h3 class=\"aio-icon-title ult-responsive\"  data-ultimate-target='#Info-box-wrap-5381 .aio-icon-title'  data-responsive-json-new='{\"font-size\":\"desktop:16px;\",\"line-height\":\"desktop:26px;\"}'  style=\"font-family:&#039;Montserrat&#039;;font-weight:700;\">Telefon<\/h3><\/div> <!-- header --><div class=\"aio-icon-description ult-responsive\"  data-ultimate-target='#Info-box-wrap-5381 .aio-icon-description'  data-responsive-json-new='{\"font-size\":\"\",\"line-height\":\"\"}'  style=\"\">982 133 636<\/div> <!-- description --><\/div> <!-- aio-ibd-block --><\/div> <!-- aio-icon-box --><\/div> <!-- aio-icon-component --><div class=\"aio-icon-component  vc_custom_1491908251785   style_1\"><div id=\"Info-box-wrap-1821\" class=\"aio-icon-box left-icon\" style=\"\"  ><div class=\"aio-icon-left\"><div class=\"ult-just-icon-wrapper  \"><div class=\"align-icon\" style=\"text-align:center;\">\n<div class=\"aio-icon none \"  style=\"color:#c4ac70;font-size:20px;display:inline-block;\">\n\t<i class=\"icomoon-free-social-contact-16x16-home\"><\/i>\n<\/div><\/div><\/div><\/div><div class=\"aio-ibd-block\"><div class=\"aio-icon-header\" ><h3 class=\"aio-icon-title ult-responsive\"  data-ultimate-target='#Info-box-wrap-1821 .aio-icon-title'  data-responsive-json-new='{\"font-size\":\"desktop:16px;\",\"line-height\":\"desktop:26px;\"}'  style=\"font-family:&#039;Montserrat&#039;;font-weight:700;\">Adresse<\/h3><\/div> <!-- header --><div class=\"aio-icon-description ult-responsive\"  data-ultimate-target='#Info-box-wrap-1821 .aio-icon-description'  data-responsive-json-new='{\"font-size\":\"\",\"line-height\":\"\"}'  style=\"\">Calle Illa Nova, 17<br \/>\n27780 Foz (Lugo)<\/div> <!-- description --><\/div> <!-- aio-ibd-block --><\/div> <!-- aio-icon-box --><\/div> <!-- aio-icon-component --><div class=\"aio-icon-component  vc_custom_1690791329649   style_1\"><div id=\"Info-box-wrap-5548\" class=\"aio-icon-box left-icon\" style=\"\"  ><div class=\"aio-icon-left\"><div class=\"ult-just-icon-wrapper  \"><div class=\"align-icon\" style=\"text-align:center;\">\n<div class=\"aio-icon none \"  style=\"color:#c4ac70;font-size:20px;display:inline-block;\">\n\t<i class=\"icomoon-free-social-contact-16x16-clock\"><\/i>\n<\/div><\/div><\/div><\/div><div class=\"aio-ibd-block\"><div class=\"aio-icon-header\" ><h3 class=\"aio-icon-title ult-responsive\"  data-ultimate-target='#Info-box-wrap-5548 .aio-icon-title'  data-responsive-json-new='{\"font-size\":\"desktop:16px;\",\"line-height\":\"desktop:26px;\"}'  style=\"font-family:&#039;Montserrat&#039;;font-weight:700;\">Stundenplan<\/h3><\/div> <!-- header --><div class=\"aio-icon-description ult-responsive\"  data-ultimate-target='#Info-box-wrap-5548 .aio-icon-description'  data-responsive-json-new='{\"font-size\":\"\",\"line-height\":\"\"}'  style=\"\">De 12:30 a 15:30 y de 19:30 a 23:30 horas.<\/div> <!-- description --><\/div> <!-- aio-ibd-block --><\/div> <!-- aio-icon-box --><\/div> <!-- aio-icon-component -->[\/vc_column][vc_column width=&#8220;1\/3&#8243;][vc_gmaps link=&#8220;#E-8_JTNDaWZyYW1lJTIwc3JjJTNEJTIyaHR0cHMlM0ElMkYlMkZ3d3cuZ29vZ2xlLmNvbSUyRm1hcHMlMkZlbWJlZCUzRnBiJTNEJTIxMW0xOCUyMTFtMTIlMjExbTMlMjExZDI4OTAuNTk4NzUxMjY2Mzc1JTIxMmQtNy4yNTMzNzk0NDg3MzQyMTUlMjEzZDQzLjU3MzI0MzM2NTUxMjU3JTIxMm0zJTIxMWYwJTIxMmYwJTIxM2YwJTIxM20yJTIxMWkxMDI0JTIxMmk3NjglMjE0ZjEzLjElMjEzbTMlMjExbTIlMjExczB4ZDMyMjgxMTFjYjUyYWZiJTI1M0EweDM2YWRjZjEwOTQ0ZjI2MjglMjEyc1Jlc3RhdXJhbnRlJTJCQmFycmlsZXRlJTIxNWUwJTIxM20yJTIxMXNlcyUyMTJzZXMlMjE0djE0ODg1NzY1NjU1ODMlMjIlMjB3aWR0aCUzRCUyMjYwMCUyMiUyMGhlaWdodCUzRCUyMjQ1MCUyMiUyMGZyYW1lYm9yZGVyJTNEJTIyMCUyMiUyMHN0eWxlJTNEJTIyYm9yZGVyJTNBMCUyMiUyMGFsbG93ZnVsbHNjcmVlbiUzRSUzQyUyRmlmcmFtZSUzRQ==&#8220;][\/vc_column][vc_column width=&#8220;1\/3&#8243;][vc_raw_html]JTNDcCUzRSUzQ2RpdiUyMGlkJTNEJTIyVEFfc2VsZnNlcnZlcHJvcDQ0NyUyMiUyMGNsYXNzJTNEJTIyVEFfc2VsZnNlcnZlcHJvcCUyMiUzRSUwQSUzQ3VsJTIwaWQlM0QlMjJneDJwN2M4TWElMjIlMjBjbGFzcyUzRCUyMlRBX2xpbmtzJTIwM1BHRWh6QzlaOCUyMiUzRSUwQSUzQ2xpJTIwaWQlM0QlMjJzUERGQlQlMjIlMjBjbGFzcyUzRCUyMmpDZ0QwcVFhenMlMjIlM0UlMEElM0NhJTIwdGFyZ2V0JTNEJTIyX2JsYW5rJTIyJTIwaHJlZiUzRCUyMmh0dHBzJTNBJTJGJTJGd3d3LnRyaXBhZHZpc29yLmVzJTJGJTIyJTNFJTNDaW1nJTIwc3JjJTNEJTIyaHR0cHMlM0ElMkYlMkZ3d3cudHJpcGFkdmlzb3IuZXMlMkZpbWclMkZjZHNpJTJGaW1nMiUyRmJyYW5kaW5nJTJGMTUwX2xvZ28tMTE5MDAtMi5wbmclMjIlMjBhbHQlM0QlMjJUcmlwQWR2aXNvciUyMiUyRiUzRSUzQyUyRmElM0UlMEElM0MlMkZsaSUzRSUwQSUzQyUyRnVsJTNFJTBBJTNDJTJGZGl2JTNFJTBBJTNDc2NyaXB0JTIwc3JjJTNEJTIyaHR0cHMlM0ElMkYlMkZ3d3cuanNjYWNoZS5jb20lMkZ3ZWpzJTNGd3R5cGUlM0RzZWxmc2VydmVwcm9wJTI2YW1wJTNCdW5pcSUzRDQ0NyUyNmFtcCUzQmxvY2F0aW9uSWQlM0QzMzQxMjU4JTI2YW1wJTNCbGFuZyUzRGVzJTI2YW1wJTNCcmF0aW5nJTNEdHJ1ZSUyNmFtcCUzQm5yZXZpZXdzJTNENCUyNmFtcCUzQndyaXRlcmV2aWV3bGluayUzRHRydWUlMjZhbXAlM0Jwb3BJZHglM0R0cnVlJTI2YW1wJTNCaXN3aWRlJTNEZmFsc2UlMjZhbXAlM0Jib3JkZXIlM0R0cnVlJTI2YW1wJTNCZGlzcGxheV92ZXJzaW9uJTNEMiUyMiUzRSUzQyUyRnNjcmlwdCUzRSUwQSUzQyUyRnAlM0U=[\/vc_raw_html][\/vc_column][\/vc_row]<\/p>\n","protected":false},"excerpt":{"rendered":"<p>[vc_row][vc_column width=&#8220;1\/3&#8243;][\/vc_column][vc_column width=&#8220;1\/3&#8243;][vc_gmaps link=&#8220;#E-8_JTNDaWZyYW1lJTIwc3JjJTNEJTIyaHR0cHMlM0ElMkYlMkZ3d3cuZ29vZ2xlLmNvbSUyRm1hcHMlMkZlbWJlZCUzRnBiJTNEJTIxMW0xOCUyMTFtMTIlMjExbTMlMjExZDI4OTAuNTk4NzUxMjY2Mzc1JTIxMmQtNy4yNTMzNzk0NDg3MzQyMTUlMjEzZDQzLjU3MzI0MzM2NTUxMjU3JTIxMm0zJTIxMWYwJTIxMmYwJTIxM2YwJTIxM20yJTIxMWkxMDI0JTIxMmk3NjglMjE0ZjEzLjElMjEzbTMlMjExbTIlMjExczB4ZDMyMjgxMTFjYjUyYWZiJTI1M0EweDM2YWRjZjEwOTQ0ZjI2MjglMjEyc1Jlc3RhdXJhbnRlJTJCQmFycmlsZXRlJTIxNWUwJTIxM20yJTIxMXNlcyUyMTJzZXMlMjE0djE0ODg1NzY1NjU1ODMlMjIlMjB3aWR0aCUzRCUyMjYwMCUyMiUyMGhlaWdodCUzRCUyMjQ1MCUyMiUyMGZyYW1lYm9yZGVyJTNEJTIyMCUyMiUyMHN0eWxlJTNEJTIyYm9yZGVyJTNBMCUyMiUyMGFsbG93ZnVsbHNjcmVlbiUzRSUzQyUyRmlmcmFtZSUzRQ==&#8220;][\/vc_column][vc_column width=&#8220;1\/3&#8243;][vc_raw_html]JTNDcCUzRSUzQ2RpdiUyMGlkJTNEJTIyVEFfc2VsZnNlcnZlcHJvcDQ0NyUyMiUyMGNsYXNzJTNEJTIyVEFfc2VsZnNlcnZlcHJvcCUyMiUzRSUwQSUzQ3VsJTIwaWQlM0QlMjJneDJwN2M4TWElMjIlMjBjbGFzcyUzRCUyMlRBX2xpbmtzJTIwM1BHRWh6QzlaOCUyMiUzRSUwQSUzQ2xpJTIwaWQlM0QlMjJzUERGQlQlMjIlMjBjbGFzcyUzRCUyMmpDZ0QwcVFhenMlMjIlM0UlMEElM0NhJTIwdGFyZ2V0JTNEJTIyX2JsYW5rJTIyJTIwaHJlZiUzRCUyMmh0dHBzJTNBJTJGJTJGd3d3LnRyaXBhZHZpc29yLmVzJTJGJTIyJTNFJTNDaW1nJTIwc3JjJTNEJTIyaHR0cHMlM0ElMkYlMkZ3d3cudHJpcGFkdmlzb3IuZXMlMkZpbWclMkZjZHNpJTJGaW1nMiUyRmJyYW5kaW5nJTJGMTUwX2xvZ28tMTE5MDAtMi5wbmclMjIlMjBhbHQlM0QlMjJUcmlwQWR2aXNvciUyMiUyRiUzRSUzQyUyRmElM0UlMEElM0MlMkZsaSUzRSUwQSUzQyUyRnVsJTNFJTBBJTNDJTJGZGl2JTNFJTBBJTNDc2NyaXB0JTIwc3JjJTNEJTIyaHR0cHMlM0ElMkYlMkZ3d3cuanNjYWNoZS5jb20lMkZ3ZWpzJTNGd3R5cGUlM0RzZWxmc2VydmVwcm9wJTI2YW1wJTNCdW5pcSUzRDQ0NyUyNmFtcCUzQmxvY2F0aW9uSWQlM0QzMzQxMjU4JTI2YW1wJTNCbGFuZyUzRGVzJTI2YW1wJTNCcmF0aW5nJTNEdHJ1ZSUyNmFtcCUzQm5yZXZpZXdzJTNENCUyNmFtcCUzQndyaXRlcmV2aWV3bGluayUzRHRydWUlMjZhbXAlM0Jwb3BJZHglM0R0cnVlJTI2YW1wJTNCaXN3aWRlJTNEZmFsc2UlMjZhbXAlM0Jib3JkZXIlM0R0cnVlJTI2YW1wJTNCZGlzcGxheV92ZXJzaW9uJTNEMiUyMiUzRSUzQyUyRnNjcmlwdCUzRSUwQSUzQyUyRnAlM0U=[\/vc_raw_html][\/vc_column][\/vc_row]<\/p>\n","protected":false},"author":1,"featured_media":0,"parent":0,"menu_order":5,"comment_status":"closed","ping_status":"closed","template":"","meta":{"footnotes":""},"class_list":["post-1567","page","type-page","status-publish","hentry","description-off"],"yoast_head":"<!-- This site is optimized with the Yoast SEO plugin v27.4 - https:\/\/yoast.com\/product\/yoast-seo-wordpress\/ -->\n<title>\u00bfD\u00f3nde estamos? | Pizzer\u00eda Restaurante Barrilete | Foz (Lugo)<\/title>\n<meta name=\"description\" content=\"El restaurante pizzer\u00eda Barrilete se encuentra en Foz (Lugo). Ven a visitarnos y disfruta de uno de los cl\u00e1sicos de la ruta de ca\u00f1as y tapas de Foz.\" \/>\n<meta name=\"robots\" content=\"index, follow, max-snippet:-1, max-image-preview:large, max-video-preview:-1\" \/>\n<link rel=\"canonical\" href=\"https:\/\/www.barrilete.es\/de\/wo-wir-sind\/\" \/>\n<meta property=\"og:locale\" content=\"de_DE\" \/>\n<meta property=\"og:type\" content=\"article\" \/>\n<meta property=\"og:title\" content=\"\u00bfD\u00f3nde estamos? | Pizzer\u00eda Restaurante Barrilete | Foz (Lugo)\" \/>\n<meta property=\"og:description\" content=\"El restaurante pizzer\u00eda Barrilete se encuentra en Foz (Lugo). Ven a visitarnos y disfruta de uno de los cl\u00e1sicos de la ruta de ca\u00f1as y tapas de Foz.\" \/>\n<meta property=\"og:url\" content=\"https:\/\/www.barrilete.es\/de\/wo-wir-sind\/\" \/>\n<meta property=\"og:site_name\" content=\"Barrilete\" \/>\n<meta property=\"article:modified_time\" content=\"2023-07-31T08:15:37+00:00\" \/>\n<meta name=\"twitter:card\" content=\"summary_large_image\" \/>\n<meta name=\"twitter:label1\" content=\"Gesch\u00e4tzte Lesezeit\" \/>\n\t<meta name=\"twitter:data1\" content=\"1\u00a0Minute\" \/>\n<script type=\"application\/ld+json\" class=\"yoast-schema-graph\">{\"@context\":\"https:\\\/\\\/schema.org\",\"@graph\":[{\"@type\":\"WebPage\",\"@id\":\"https:\\\/\\\/www.barrilete.es\\\/de\\\/wo-wir-sind\\\/\",\"url\":\"https:\\\/\\\/www.barrilete.es\\\/de\\\/wo-wir-sind\\\/\",\"name\":\"\u00bfD\u00f3nde estamos? | Pizzer\u00eda Restaurante Barrilete | Foz (Lugo)\",\"isPartOf\":{\"@id\":\"https:\\\/\\\/www.barrilete.es\\\/de\\\/#website\"},\"datePublished\":\"2016-07-12T21:43:33+00:00\",\"dateModified\":\"2023-07-31T08:15:37+00:00\",\"description\":\"El restaurante pizzer\u00eda Barrilete se encuentra en Foz (Lugo). Ven a visitarnos y disfruta de uno de los cl\u00e1sicos de la ruta de ca\u00f1as y tapas de Foz.\",\"breadcrumb\":{\"@id\":\"https:\\\/\\\/www.barrilete.es\\\/de\\\/wo-wir-sind\\\/#breadcrumb\"},\"inLanguage\":\"de\",\"potentialAction\":[{\"@type\":\"ReadAction\",\"target\":[\"https:\\\/\\\/www.barrilete.es\\\/de\\\/wo-wir-sind\\\/\"]}]},{\"@type\":\"BreadcrumbList\",\"@id\":\"https:\\\/\\\/www.barrilete.es\\\/de\\\/wo-wir-sind\\\/#breadcrumb\",\"itemListElement\":[{\"@type\":\"ListItem\",\"position\":1,\"name\":\"Portada\",\"item\":\"https:\\\/\\\/www.barrilete.es\\\/de\\\/\"},{\"@type\":\"ListItem\",\"position\":2,\"name\":\"Wo wir sind\"}]},{\"@type\":\"WebSite\",\"@id\":\"https:\\\/\\\/www.barrilete.es\\\/de\\\/#website\",\"url\":\"https:\\\/\\\/www.barrilete.es\\\/de\\\/\",\"name\":\"Barrilete\",\"description\":\"Cervecer\u00eda-pizzer\u00eda en Foz (Lugo)\",\"potentialAction\":[{\"@type\":\"SearchAction\",\"target\":{\"@type\":\"EntryPoint\",\"urlTemplate\":\"https:\\\/\\\/www.barrilete.es\\\/de\\\/?s={search_term_string}\"},\"query-input\":{\"@type\":\"PropertyValueSpecification\",\"valueRequired\":true,\"valueName\":\"search_term_string\"}}],\"inLanguage\":\"de\"}]}<\/script>\n<!-- \/ Yoast SEO plugin. -->","yoast_head_json":{"title":"\u00bfD\u00f3nde estamos? | Pizzer\u00eda Restaurante Barrilete | Foz (Lugo)","description":"El restaurante pizzer\u00eda Barrilete se encuentra en Foz (Lugo). Ven a visitarnos y disfruta de uno de los cl\u00e1sicos de la ruta de ca\u00f1as y tapas de Foz.","robots":{"index":"index","follow":"follow","max-snippet":"max-snippet:-1","max-image-preview":"max-image-preview:large","max-video-preview":"max-video-preview:-1"},"canonical":"https:\/\/www.barrilete.es\/de\/wo-wir-sind\/","og_locale":"de_DE","og_type":"article","og_title":"\u00bfD\u00f3nde estamos? | Pizzer\u00eda Restaurante Barrilete | Foz (Lugo)","og_description":"El restaurante pizzer\u00eda Barrilete se encuentra en Foz (Lugo). Ven a visitarnos y disfruta de uno de los cl\u00e1sicos de la ruta de ca\u00f1as y tapas de Foz.","og_url":"https:\/\/www.barrilete.es\/de\/wo-wir-sind\/","og_site_name":"Barrilete","article_modified_time":"2023-07-31T08:15:37+00:00","twitter_card":"summary_large_image","twitter_misc":{"Gesch\u00e4tzte Lesezeit":"1\u00a0Minute"},"schema":{"@context":"https:\/\/schema.org","@graph":[{"@type":"WebPage","@id":"https:\/\/www.barrilete.es\/de\/wo-wir-sind\/","url":"https:\/\/www.barrilete.es\/de\/wo-wir-sind\/","name":"\u00bfD\u00f3nde estamos? | Pizzer\u00eda Restaurante Barrilete | Foz (Lugo)","isPartOf":{"@id":"https:\/\/www.barrilete.es\/de\/#website"},"datePublished":"2016-07-12T21:43:33+00:00","dateModified":"2023-07-31T08:15:37+00:00","description":"El restaurante pizzer\u00eda Barrilete se encuentra en Foz (Lugo). Ven a visitarnos y disfruta de uno de los cl\u00e1sicos de la ruta de ca\u00f1as y tapas de Foz.","breadcrumb":{"@id":"https:\/\/www.barrilete.es\/de\/wo-wir-sind\/#breadcrumb"},"inLanguage":"de","potentialAction":[{"@type":"ReadAction","target":["https:\/\/www.barrilete.es\/de\/wo-wir-sind\/"]}]},{"@type":"BreadcrumbList","@id":"https:\/\/www.barrilete.es\/de\/wo-wir-sind\/#breadcrumb","itemListElement":[{"@type":"ListItem","position":1,"name":"Portada","item":"https:\/\/www.barrilete.es\/de\/"},{"@type":"ListItem","position":2,"name":"Wo wir sind"}]},{"@type":"WebSite","@id":"https:\/\/www.barrilete.es\/de\/#website","url":"https:\/\/www.barrilete.es\/de\/","name":"Barrilete","description":"Cervecer\u00eda-pizzer\u00eda en Foz (Lugo)","potentialAction":[{"@type":"SearchAction","target":{"@type":"EntryPoint","urlTemplate":"https:\/\/www.barrilete.es\/de\/?s={search_term_string}"},"query-input":{"@type":"PropertyValueSpecification","valueRequired":true,"valueName":"search_term_string"}}],"inLanguage":"de"}]}},"_links":{"self":[{"href":"https:\/\/www.barrilete.es\/de\/wp-json\/wp\/v2\/pages\/1567","targetHints":{"allow":["GET"]}}],"collection":[{"href":"https:\/\/www.barrilete.es\/de\/wp-json\/wp\/v2\/pages"}],"about":[{"href":"https:\/\/www.barrilete.es\/de\/wp-json\/wp\/v2\/types\/page"}],"author":[{"embeddable":true,"href":"https:\/\/www.barrilete.es\/de\/wp-json\/wp\/v2\/users\/1"}],"replies":[{"embeddable":true,"href":"https:\/\/www.barrilete.es\/de\/wp-json\/wp\/v2\/comments?post=1567"}],"version-history":[{"count":3,"href":"https:\/\/www.barrilete.es\/de\/wp-json\/wp\/v2\/pages\/1567\/revisions"}],"predecessor-version":[{"id":1689,"href":"https:\/\/www.barrilete.es\/de\/wp-json\/wp\/v2\/pages\/1567\/revisions\/1689"}],"wp:attachment":[{"href":"https:\/\/www.barrilete.es\/de\/wp-json\/wp\/v2\/media?parent=1567"}],"curies":[{"name":"wp","href":"https:\/\/api.w.org\/{rel}","templated":true}]}}