{"id":1554,"date":"2016-07-12T14:22:14","date_gmt":"2016-07-12T14:22:14","guid":{"rendered":"https:\/\/www.barrilete.es\/sobre-nosotros\/"},"modified":"2020-07-04T11:44:25","modified_gmt":"2020-07-04T11:44:25","slug":"uber-uns","status":"publish","type":"page","link":"https:\/\/www.barrilete.es\/de\/uber-uns\/","title":{"rendered":"\u00dcber uns"},"content":{"rendered":"<p>[vc_row type=&#8220;vc_default&#8220; css=&#8220;.vc_custom_1474232685932{padding-top: 10px !important;padding-bottom: 20px !important;}&#8220;][vc_column width=&#8220;1\/2&#8243; css=&#8220;.vc_custom_1469281915280{padding-bottom: 60px !important;}&#8220;]<div id=\"ultimate-heading-377769e0e319d545a\" class=\"uvc-heading ult-adjust-bottom-margin ultimate-heading-377769e0e319d545a uvc-8126 \" data-hspacer=\"no_spacer\"  data-halign=\"left\" style=\"text-align:left\"><div class=\"uvc-heading-spacer no_spacer\" style=\"top\"><\/div><div class=\"uvc-main-heading ult-responsive\"  data-ultimate-target='.uvc-heading.ultimate-heading-377769e0e319d545a h2'  data-responsive-json-new='{\"font-size\":\"desktop:40px;\",\"line-height\":\"desktop:45px;\"}' ><h2 style=\"font-family:&#039;Great Vibes&#039;;--font-weight:theme;color:#c5ab6b;\">Besuchen Sie<\/h2><\/div><div class=\"uvc-sub-heading ult-responsive\"  data-ultimate-target='.uvc-heading.ultimate-heading-377769e0e319d545a .uvc-sub-heading '  data-responsive-json-new='{\"font-size\":\"desktop:35px;\",\"line-height\":\"desktop:40px;\"}'  style=\"font-family:&#039;Poppins&#039;;font-weight:normal;color:#303030;margin-bottom:20px;\">UNSERE\u00a0RESTAURANT &#8211; PIZZERIA<\/div><\/div>[vc_column_text]Seit wir unsere T\u00fcren ge\u00f6ffnet haben (17 Jahren) und eine klassische Route des Bier und Tapas geworden sind, bieten wir alle Besucher unserer Restaurant Barrilete (Foz) eine Vielzahl von Produkten und mehr als 150 Referenzen von unserem klimatisierten Keller.<\/p>\n<p>Unser Team besteht aus Profis, deren Priorit\u00e4t ist Qualit\u00e4t, Geschmack, eine sorgf\u00e4ltige Vorbereitung und guter Service. K\u00fcrzlich haben wir unsere Einrichtungen renoviert und haben wir ein gem\u00fctliches und helle Restaurant erreicht, so dass unsere Kunde von einem Bier, eine Pizza geniessen k\u00f6nnen oder Teller unsere Speisekarte essen k\u00f6nnen.[\/vc_column_text][\/vc_column][vc_column width=&#8220;1\/2&#8243; css=&#8220;.vc_custom_1469281920193{padding-bottom: 20px !important;}&#8220;][vc_single_image image=&#8220;959&#8243; img_size=&#8220;full&#8220; alignment=&#8220;center&#8220; style=&#8220;vc_box_border&#8220; border_color=&#8220;chino&#8220;][\/vc_column][\/vc_row][vc_row][vc_column][vc_separator color=&#8220;custom&#8220; style=&#8220;dashed&#8220; border_width=&#8220;2&#8243; el_width=&#8220;50&#8243; accent_color=&#8220;#c5ab74&#8243;][vc_empty_space height=&#8220;20px&#8220;][\/vc_column][\/vc_row][vc_row][vc_column width=&#8220;1\/2&#8243;]<div id=\"ultimate-heading-502369e0e319d5508\" class=\"uvc-heading ult-adjust-bottom-margin ultimate-heading-502369e0e319d5508 uvc-1205 \" data-hspacer=\"no_spacer\"  data-halign=\"left\" style=\"text-align:left\"><div class=\"uvc-heading-spacer no_spacer\" style=\"top\"><\/div><div class=\"uvc-main-heading ult-responsive\"  data-ultimate-target='.uvc-heading.ultimate-heading-502369e0e319d5508 h2'  data-responsive-json-new='{\"font-size\":\"desktop:40px;\",\"line-height\":\"desktop:45px;\"}' ><h2 style=\"font-family:&#039;Great Vibes&#039;;--font-weight:theme;color:#c5ab6b;\">Unser Umgebung<\/h2><\/div><div class=\"uvc-sub-heading ult-responsive\"  data-ultimate-target='.uvc-heading.ultimate-heading-502369e0e319d5508 .uvc-sub-heading '  data-responsive-json-new='{\"font-size\":\"desktop:35px;\",\"line-height\":\"desktop:40px;\"}'  style=\"font-family:&#039;Poppins&#039;;font-weight:normal;color:#303030;margin-bottom:20px;\">KENNENLERNEN<\/div><\/div>[vc_column_text]Die Umgebung, in der wir leben, bietet uns gro\u00dfe Chancen und wir versuchen, diese Realit\u00e4t in unserer t\u00e4glichen Arbeit zu reflektieren, sowohl bei der Zubereitung unserer Speisen und den Service, den wir bieten.<\/p>\n<p>Unser Team besteht aus Menschen mit Erfahrung in der Welt der Gastronomie und Gastfreundschaft. Qualit\u00e4t, Geschmack, eine sorgf\u00e4ltige Vorbereitung und guter Service sind Priorit\u00e4ten.[\/vc_column_text][\/vc_column][vc_column width=&#8220;1\/2&#8243;][vc_single_image image=&#8220;956&#8243; img_size=&#8220;full&#8220; alignment=&#8220;center&#8220; style=&#8220;vc_box_border&#8220; border_color=&#8220;chino&#8220;][\/vc_column][\/vc_row][vc_row type=&#8220;vc_default&#8220; bg_type=&#8220;bg_color&#8220; bg_override=&#8220;ex-full&#8220; ult_hide_row=&#8220;ult_hide_row_value&#8220; ult_hide_row_large_screen=&#8220;large_screen&#8220; ult_hide_row_desktop=&#8220;desktop&#8220; ult_hide_row_tablet=&#8220;tablet&#8220; ult_hide_row_tablet_small=&#8220;xs_tablet&#8220; ult_hide_row_mobile=&#8220;mobile&#8220; ult_hide_row_mobile_large=&#8220;xl_mobile&#8220; bg_color_value=&#8220;#f4f4f4&#8243; css=&#8220;.vc_custom_1482432380670{margin-right: 0px !important;margin-left: 0px !important;}&#8220;][vc_column offset=&#8220;vc_col-lg-offset-0 vc_col-lg-12 vc_col-md-offset-0 vc_col-md-12 vc_col-sm-offset-0&#8243; css=&#8220;.vc_custom_1469132298578{padding-top: 80px !important;padding-bottom: 70px !important;}&#8220;]<div id=\"ultimate-heading-281869e0e319d5691\" class=\"uvc-heading ult-adjust-bottom-margin ultimate-heading-281869e0e319d5691 uvc-8064 \" data-hspacer=\"line_with_icon\" data-hline_width=\"80\" data-hicon_type=\"selector\" data-hborder_style=\"double\" data-hborder_height=\"3\" data-hborder_color=\"rgba(0,0,0,0.15)\" data-icon_width=\"10\" data-hfixer=\"10\"  data-halign=\"center\" style=\"text-align:center\"><div class=\"uvc-main-heading ult-responsive\"  data-ultimate-target='.uvc-heading.ultimate-heading-281869e0e319d5691 h2'  data-responsive-json-new='{\"font-size\":\"desktop:60px;tablet:60px;tablet_portrait:40px;mobile_landscape:40px;mobile:40px;\",\"line-height\":\"desktop:65px;tablet:60px;tablet_portrait:45px;mobile_landscape:45px;mobile:45px;\"}' ><h2 style=\"font-family:&#039;Great Vibes&#039;;--font-weight:theme;color:#c5ab6b;margin-bottom:5px;\">Lo que dicen<\/h2><\/div><div class=\"uvc-sub-heading ult-responsive\"  data-ultimate-target='.uvc-heading.ultimate-heading-281869e0e319d5691 .uvc-sub-heading '  data-responsive-json-new='{\"font-size\":\"desktop:50px;tablet:50px;tablet_portrait:35px;mobile_landscape:35px;mobile:35px;\",\"line-height\":\"desktop:55px;tablet:55px;tablet_portrait:35px;mobile_landscape:35px;mobile:35px;\"}'  style=\"font-family:&#039;Poppins&#039;;font-weight:normal;color:#303030;\">SOBRE NOSOTROS<\/div><div class=\"uvc-heading-spacer line_with_icon\" style=\"margin-top:15px;height:10px;\"><div class=\"ult-just-icon-wrapper  \"><div class=\"align-icon\" style=\"text-align:center;\">\n<div class=\"aio-icon none \"  style=\"color:rgba(0,0,0,0.25);font-size:10px;display:inline-block;\">\n\t<i class=\"icomoon-free-social-contact-16x16-svg\"><\/i>\n<\/div><\/div><\/div><\/div><\/div>[\/vc_column][vc_column css=&#8220;.vc_custom_1469303500760{padding-bottom: 110px !important;}&#8220;]<div id=\"ult-carousel-23143071069e0e319d57c8\" class=\"ult-carousel-wrapper  vc_custom_1469452446750  ult_horizontal\" data-gutter=\"0\" data-rtl=\"false\" ><div class=\"ult-carousel-368807696469e0e319d5737 \" >[vc_row_inner][vc_column_inner width=&#8220;2\/3&#8243; offset=&#8220;vc_col-lg-offset-2 vc_col-lg-8 vc_col-md-offset-2 vc_col-md-8 vc_col-sm-offset-2 vc_col-xs-offset-1 vc_col-xs-10&#8243; css=&#8220;.vc_custom_1469132851266{margin-bottom: 20px !important;}&#8220;][vc_single_image image=&#8220;476&#8243; img_size=&#8220;90&#215;90&#8243; alignment=&#8220;center&#8220; style=&#8220;vc_box_circle_2&#8243; onclick=&#8220;custom_link&#8220; img_link_target=&#8220;_blank&#8220; image_hovers=&#8220;false&#8220; css=&#8220;.vc_custom_1469191547848{padding-bottom: 25px !important;}&#8220; link=&#8220;https:\/\/themeforest.net\/item\/the7-responsive-multipurpose-wordpress-theme\/5556590&#8243;]<div class=\"ult-item-wrap\" data-animation=\"animated no-animation\"><div id=\"ultimate-heading-512869e0e319d5865\" class=\"uvc-heading ult-adjust-bottom-margin ultimate-heading-512869e0e319d5865 uvc-5050 \" data-hspacer=\"no_spacer\"  data-halign=\"center\" style=\"text-align:center\"><div class=\"uvc-heading-spacer no_spacer\" style=\"top\"><\/div><div class=\"uvc-sub-heading ult-responsive\"  data-ultimate-target='.uvc-heading.ultimate-heading-512869e0e319d5865 .uvc-sub-heading '  data-responsive-json-new='{\"font-size\":\"desktop:18px;tablet:18px;tablet_portrait:14px;mobile_landscape:14px;mobile:14px;\",\"line-height\":\"desktop:30px;tablet:30px;tablet_portrait:24px;mobile_landscape:24px;mobile:24px;\"}'  style=\"font-style:italic;font-weight:normal;\">In volutpat vehicula iaculis. Nullam dapibus velit vel suscipit malesuada. Morbi tincidunt, dui tristique tincidunt faucibus, purus sapien consectetur libero, vitae venenatis eros lacus vitae erat. Mauris tristique pretium tristique.<\/div><\/div><\/div>[vc_single_image image=&#8220;89&#8243; img_size=&#8220;117&#215;21&#8243; alignment=&#8220;center&#8220; css=&#8220;.vc_custom_1468516279715{padding-top: 20px !important;}&#8220;]<div class=\"ult-item-wrap\" data-animation=\"animated no-animation\"><div id=\"ultimate-heading-622069e0e319d58a6\" class=\"uvc-heading ult-adjust-bottom-margin ultimate-heading-622069e0e319d58a6 uvc-3313 \" data-hspacer=\"no_spacer\"  data-halign=\"center\" style=\"text-align:center\"><div class=\"uvc-heading-spacer no_spacer\" style=\"top\"><\/div><div class=\"uvc-main-heading ult-responsive\"  data-ultimate-target='.uvc-heading.ultimate-heading-622069e0e319d58a6 h3'  data-responsive-json-new='{\"font-size\":\"desktop:18px;\",\"line-height\":\"desktop:28px;\"}' ><h3 style=\"font-weight:bold;color:#c5ab6b;margin-top:20px;\">RICK JAMES<\/h3><\/div><div class=\"uvc-sub-heading ult-responsive\"  data-ultimate-target='.uvc-heading.ultimate-heading-622069e0e319d58a6 .uvc-sub-heading '  data-responsive-json-new='{\"font-size\":\"desktop:14px;\",\"line-height\":\"desktop:28px;\"}'  style=\"font-weight:bold;\">Regular customer<\/div><\/div><\/div>[\/vc_column_inner][\/vc_row_inner][vc_row_inner][vc_column_inner width=&#8220;2\/3&#8243; offset=&#8220;vc_col-lg-offset-2 vc_col-lg-8 vc_col-md-offset-2 vc_col-md-8 vc_col-sm-offset-2 vc_col-xs-offset-1 vc_col-xs-10&#8243; css=&#8220;.vc_custom_1469132851266{margin-bottom: 20px !important;}&#8220;][vc_single_image image=&#8220;475&#8243; img_size=&#8220;90&#215;90&#8243; alignment=&#8220;center&#8220; style=&#8220;vc_box_circle_2&#8243; onclick=&#8220;custom_link&#8220; css=&#8220;.vc_custom_1469191561142{padding-bottom: 25px !important;}&#8220;]<div class=\"ult-item-wrap\" data-animation=\"animated no-animation\"><div id=\"ultimate-heading-763269e0e319d58f3\" class=\"uvc-heading ult-adjust-bottom-margin ultimate-heading-763269e0e319d58f3 uvc-4513 \" data-hspacer=\"no_spacer\"  data-halign=\"center\" style=\"text-align:center\"><div class=\"uvc-heading-spacer no_spacer\" style=\"top\"><\/div><div class=\"uvc-sub-heading ult-responsive\"  data-ultimate-target='.uvc-heading.ultimate-heading-763269e0e319d58f3 .uvc-sub-heading '  data-responsive-json-new='{\"font-size\":\"desktop:18px;tablet:18px;tablet_portrait:14px;mobile_landscape:14px;mobile:14px;\",\"line-height\":\"desktop:30px;tablet:30px;tablet_portrait:24px;mobile_landscape:24px;mobile:24px;\"}'  style=\"font-style:italic;font-weight:normal;\">WOW! Dapibus velit vel suscipit malesuada. Morbi tincidunt, purus sapien consectetur libero, vitae venenatis eros lacus vitae erat. Mauris tristique pretium tristique.<\/div><\/div><\/div>[vc_single_image image=&#8220;89&#8243; img_size=&#8220;117&#215;21&#8243; alignment=&#8220;center&#8220; css=&#8220;.vc_custom_1468516279715{padding-top: 20px !important;}&#8220;]<div class=\"ult-item-wrap\" data-animation=\"animated no-animation\"><div id=\"ultimate-heading-746069e0e319d5967\" class=\"uvc-heading ult-adjust-bottom-margin ultimate-heading-746069e0e319d5967 uvc-6051 \" data-hspacer=\"no_spacer\"  data-halign=\"center\" style=\"text-align:center\"><div class=\"uvc-heading-spacer no_spacer\" style=\"top\"><\/div><div class=\"uvc-main-heading ult-responsive\"  data-ultimate-target='.uvc-heading.ultimate-heading-746069e0e319d5967 h3'  data-responsive-json-new='{\"font-size\":\"desktop:18px;\",\"line-height\":\"desktop:28px;\"}' ><h3 style=\"font-weight:bold;color:#c5ab6b;margin-top:20px;\">ANNA GREENFIELD<\/h3><\/div><div class=\"uvc-sub-heading ult-responsive\"  data-ultimate-target='.uvc-heading.ultimate-heading-746069e0e319d5967 .uvc-sub-heading '  data-responsive-json-new='{\"font-size\":\"desktop:14px;\",\"line-height\":\"desktop:28px;\"}'  style=\"font-weight:bold;\">Restaurant expert<\/div><\/div><\/div>[\/vc_column_inner][\/vc_row_inner][vc_row_inner][vc_column_inner width=&#8220;2\/3&#8243; offset=&#8220;vc_col-lg-offset-2 vc_col-lg-8 vc_col-md-offset-2 vc_col-md-8 vc_col-sm-offset-2 vc_col-xs-offset-1 vc_col-xs-10&#8243; css=&#8220;.vc_custom_1469132851266{margin-bottom: 20px !important;}&#8220;][vc_single_image image=&#8220;476&#8243; img_size=&#8220;90&#215;90&#8243; alignment=&#8220;center&#8220; style=&#8220;vc_box_circle_2&#8243; onclick=&#8220;custom_link&#8220; img_link_target=&#8220;_blank&#8220; image_hovers=&#8220;false&#8220; css=&#8220;.vc_custom_1469191547848{padding-bottom: 25px !important;}&#8220; link=&#8220;https:\/\/themeforest.net\/item\/the7-responsive-multipurpose-wordpress-theme\/5556590&#8243;]<div class=\"ult-item-wrap\" data-animation=\"animated no-animation\"><div id=\"ultimate-heading-12369e0e319d59e8\" class=\"uvc-heading ult-adjust-bottom-margin ultimate-heading-12369e0e319d59e8 uvc-1306 \" data-hspacer=\"no_spacer\"  data-halign=\"center\" style=\"text-align:center\"><div class=\"uvc-heading-spacer no_spacer\" style=\"top\"><\/div><div class=\"uvc-sub-heading ult-responsive\"  data-ultimate-target='.uvc-heading.ultimate-heading-12369e0e319d59e8 .uvc-sub-heading '  data-responsive-json-new='{\"font-size\":\"desktop:18px;tablet:18px;tablet_portrait:14px;mobile_landscape:14px;mobile:14px;\",\"line-height\":\"desktop:30px;tablet:30px;tablet_portrait:24px;mobile_landscape:24px;mobile:24px;\"}'  style=\"font-style:italic;font-weight:normal;\">Morbi tincidunt, dui tristique tincidunt faucibus, purus sapien consectetur libero, vitae venenatis eros lacus vitae erat. Mauris tristique pretium tristique. Thanx!<\/div><\/div><\/div>[vc_single_image image=&#8220;89&#8243; img_size=&#8220;117&#215;21&#8243; alignment=&#8220;center&#8220; css=&#8220;.vc_custom_1468516279715{padding-top: 20px !important;}&#8220;]<div class=\"ult-item-wrap\" data-animation=\"animated no-animation\"><div id=\"ultimate-heading-991369e0e319d5a38\" class=\"uvc-heading ult-adjust-bottom-margin ultimate-heading-991369e0e319d5a38 uvc-7173 \" data-hspacer=\"no_spacer\"  data-halign=\"center\" style=\"text-align:center\"><div class=\"uvc-heading-spacer no_spacer\" style=\"top\"><\/div><div class=\"uvc-main-heading ult-responsive\"  data-ultimate-target='.uvc-heading.ultimate-heading-991369e0e319d5a38 h3'  data-responsive-json-new='{\"font-size\":\"desktop:18px;\",\"line-height\":\"desktop:28px;\"}' ><h3 style=\"font-weight:bold;color:#c5ab6b;margin-top:20px;\">TIFFANY BRIGHT<\/h3><\/div><div class=\"uvc-sub-heading ult-responsive\"  data-ultimate-target='.uvc-heading.ultimate-heading-991369e0e319d5a38 .uvc-sub-heading '  data-responsive-json-new='{\"font-size\":\"desktop:14px;\",\"line-height\":\"desktop:28px;\"}'  style=\"font-weight:bold;\">Regular customer<\/div><\/div><\/div>[\/vc_column_inner][\/vc_row_inner][vc_row_inner][vc_column_inner width=&#8220;2\/3&#8243; offset=&#8220;vc_col-lg-offset-2 vc_col-lg-8 vc_col-md-offset-2 vc_col-md-8 vc_col-sm-offset-2 vc_col-xs-offset-1 vc_col-xs-10&#8243; css=&#8220;.vc_custom_1469132851266{margin-bottom: 20px !important;}&#8220;][vc_single_image image=&#8220;475&#8243; img_size=&#8220;90&#215;90&#8243; alignment=&#8220;center&#8220; style=&#8220;vc_box_circle_2&#8243; onclick=&#8220;custom_link&#8220; css=&#8220;.vc_custom_1469191561142{padding-bottom: 25px !important;}&#8220;]<div class=\"ult-item-wrap\" data-animation=\"animated no-animation\"><div id=\"ultimate-heading-438169e0e319d5a85\" class=\"uvc-heading ult-adjust-bottom-margin ultimate-heading-438169e0e319d5a85 uvc-8387 \" data-hspacer=\"no_spacer\"  data-halign=\"center\" style=\"text-align:center\"><div class=\"uvc-heading-spacer no_spacer\" style=\"top\"><\/div><div class=\"uvc-sub-heading ult-responsive\"  data-ultimate-target='.uvc-heading.ultimate-heading-438169e0e319d5a85 .uvc-sub-heading '  data-responsive-json-new='{\"font-size\":\"desktop:18px;tablet:18px;tablet_portrait:14px;mobile_landscape:14px;mobile:14px;\",\"line-height\":\"desktop:30px;tablet:30px;tablet_portrait:24px;mobile_landscape:24px;mobile:24px;\"}'  style=\"font-style:italic;font-weight:normal;\">In volutpat vehicula iaculis. Nullam dapibus velit vel suscipit malesuada. Morbi tincidunt, dui tristique tincidunt faucibus, purus sapien consectetur libero, vitae venenatis eros lacus vitae erat. Mauris tristique pretium tristique.<\/div><\/div><\/div>[vc_single_image image=&#8220;89&#8243; img_size=&#8220;117&#215;21&#8243; alignment=&#8220;center&#8220; css=&#8220;.vc_custom_1468516279715{padding-top: 20px !important;}&#8220;]<div class=\"ult-item-wrap\" data-animation=\"animated no-animation\"><div id=\"ultimate-heading-459769e0e319d5abf\" class=\"uvc-heading ult-adjust-bottom-margin ultimate-heading-459769e0e319d5abf uvc-7290 \" data-hspacer=\"no_spacer\"  data-halign=\"center\" style=\"text-align:center\"><div class=\"uvc-heading-spacer no_spacer\" style=\"top\"><\/div><div class=\"uvc-main-heading ult-responsive\"  data-ultimate-target='.uvc-heading.ultimate-heading-459769e0e319d5abf h3'  data-responsive-json-new='{\"font-size\":\"desktop:18px;\",\"line-height\":\"desktop:28px;\"}' ><h3 style=\"font-weight:bold;color:#c5ab6b;margin-top:20px;\">NICK BROWNWOOD<\/h3><\/div><div class=\"uvc-sub-heading ult-responsive\"  data-ultimate-target='.uvc-heading.ultimate-heading-459769e0e319d5abf .uvc-sub-heading '  data-responsive-json-new='{\"font-size\":\"desktop:14px;\",\"line-height\":\"desktop:28px;\"}'  style=\"font-weight:bold;\">Regular customer<\/div><\/div><\/div>[\/vc_column_inner][\/vc_row_inner]<\/div><\/div>\t\t\t<script type=\"text\/javascript\">\n\t\t\t\tjQuery(document).ready(function ($) {\n\t\t\t\t\tif( typeof jQuery('.ult-carousel-368807696469e0e319d5737').slick == \"function\"){\n\t\t\t\t\t\t$('.ult-carousel-368807696469e0e319d5737').slick({dots: true,autoplaySpeed: \"5000\",speed: \"600\",infinite: true,arrows: true,nextArrow: '<button type=\"button\" role=\"button\" aria-label=\"Next\" style=\"color:#ffffff; font-size:26px;background:#c5ab6b;\" class=\"slick-next square-bg\"><i class=\"ultsl-arrow-right4\"><\/i><\/button>',prevArrow: '<button type=\"button\" role=\"button\" aria-label=\"Previous\" style=\"color:#ffffff; font-size:26px;background:#c5ab6b;\" class=\"slick-prev square-bg\"><i class=\"ultsl-arrow-left4\"><\/i><\/button>',slidesToScroll:1,slidesToShow:1,swipe: true,draggable: true,touchMove: true,pauseOnHover: true,pauseOnFocus: false,responsive: [\n\t\t\t\t\t\t\t{\n\t\t\t\t\t\t\t  breakpoint: 1026,\n\t\t\t\t\t\t\t  settings: {\n\t\t\t\t\t\t\t\tslidesToShow: 1,\n\t\t\t\t\t\t\t\tslidesToScroll: 1,  \n\t\t\t\t\t\t\t  }\n\t\t\t\t\t\t\t},\n\t\t\t\t\t\t\t{\n\t\t\t\t\t\t\t  breakpoint: 1025,\n\t\t\t\t\t\t\t  settings: {\n\t\t\t\t\t\t\t\tslidesToShow: 1,\n\t\t\t\t\t\t\t\tslidesToScroll: 1\n\t\t\t\t\t\t\t  }\n\t\t\t\t\t\t\t},\n\t\t\t\t\t\t\t{\n\t\t\t\t\t\t\t  breakpoint: 760,\n\t\t\t\t\t\t\t  settings: {\n\t\t\t\t\t\t\t\tslidesToShow: 1,\n\t\t\t\t\t\t\t\tslidesToScroll: 1\n\t\t\t\t\t\t\t  }\n\t\t\t\t\t\t\t}\n\t\t\t\t\t\t],pauseOnDotsHover: true,customPaging: function(slider, i) {\n                   return '<i type=\"button\" style= \"color:#333333;\" class=\"ultsl-record\" data-role=\"none\"><\/i>';\n                },});\n\t\t\t\t\t}\n\t\t\t\t});\n\t\t\t<\/script>\n\t\t\t[\/vc_column][\/vc_row]<\/p>\n","protected":false},"excerpt":{"rendered":"<p>[vc_row type=&#8220;vc_default&#8220; css=&#8220;.vc_custom_1474232685932{padding-top: 10px !important;padding-bottom: 20px !important;}&#8220;][vc_column width=&#8220;1\/2&#8243; css=&#8220;.vc_custom_1469281915280{padding-bottom: 60px !important;}&#8220;][vc_column_text]Seit wir unsere T\u00fcren ge\u00f6ffnet haben (17 Jahren) und eine klassische Route des Bier und Tapas geworden sind, bieten wir alle Besucher unserer Restaurant Barrilete (Foz) eine Vielzahl von Produkten und mehr als 150 Referenzen von unserem klimatisierten Keller. Unser Team besteht aus Profis, deren&hellip;<\/p>\n","protected":false},"author":1,"featured_media":0,"parent":0,"menu_order":1,"comment_status":"closed","ping_status":"closed","template":"","meta":{"footnotes":""},"class_list":["post-1554","page","type-page","status-publish","hentry","description-off"],"yoast_head":"<!-- This site is optimized with the Yoast SEO plugin v27.4 - https:\/\/yoast.com\/product\/yoast-seo-wordpress\/ -->\n<title>Restaurante pizzer\u00eda Barrilete | \u00dcber uns | Foz (Lugo)<\/title>\n<meta name=\"description\" content=\"El restaurante pizzer\u00eda Barrilete: un cl\u00e1sico en las ca\u00f1as y tapas de Foz. Variedad dentro y fuera de carta: arroces, pescados, pizzas, raciones...\" \/>\n<meta name=\"robots\" content=\"index, follow, max-snippet:-1, max-image-preview:large, max-video-preview:-1\" \/>\n<link rel=\"canonical\" href=\"https:\/\/www.barrilete.es\/de\/uber-uns\/\" \/>\n<meta property=\"og:locale\" content=\"de_DE\" \/>\n<meta property=\"og:type\" content=\"article\" \/>\n<meta property=\"og:title\" content=\"Restaurante pizzer\u00eda Barrilete | \u00dcber uns | Foz (Lugo)\" \/>\n<meta property=\"og:description\" content=\"El restaurante pizzer\u00eda Barrilete: un cl\u00e1sico en las ca\u00f1as y tapas de Foz. Variedad dentro y fuera de carta: arroces, pescados, pizzas, raciones...\" \/>\n<meta property=\"og:url\" content=\"https:\/\/www.barrilete.es\/de\/uber-uns\/\" \/>\n<meta property=\"og:site_name\" content=\"Barrilete\" \/>\n<meta property=\"article:modified_time\" content=\"2020-07-04T11:44:25+00:00\" \/>\n<meta name=\"twitter:card\" content=\"summary_large_image\" \/>\n<meta name=\"twitter:label1\" content=\"Gesch\u00e4tzte Lesezeit\" \/>\n\t<meta name=\"twitter:data1\" content=\"8\u00a0Minuten\" \/>\n<script type=\"application\/ld+json\" class=\"yoast-schema-graph\">{\"@context\":\"https:\\\/\\\/schema.org\",\"@graph\":[{\"@type\":\"WebPage\",\"@id\":\"https:\\\/\\\/www.barrilete.es\\\/de\\\/uber-uns\\\/\",\"url\":\"https:\\\/\\\/www.barrilete.es\\\/de\\\/uber-uns\\\/\",\"name\":\"Restaurante pizzer\u00eda Barrilete | \u00dcber uns | Foz (Lugo)\",\"isPartOf\":{\"@id\":\"https:\\\/\\\/www.barrilete.es\\\/de\\\/#website\"},\"datePublished\":\"2016-07-12T14:22:14+00:00\",\"dateModified\":\"2020-07-04T11:44:25+00:00\",\"description\":\"El restaurante pizzer\u00eda Barrilete: un cl\u00e1sico en las ca\u00f1as y tapas de Foz. Variedad dentro y fuera de carta: arroces, pescados, pizzas, raciones...\",\"breadcrumb\":{\"@id\":\"https:\\\/\\\/www.barrilete.es\\\/de\\\/uber-uns\\\/#breadcrumb\"},\"inLanguage\":\"de\",\"potentialAction\":[{\"@type\":\"ReadAction\",\"target\":[\"https:\\\/\\\/www.barrilete.es\\\/de\\\/uber-uns\\\/\"]}]},{\"@type\":\"BreadcrumbList\",\"@id\":\"https:\\\/\\\/www.barrilete.es\\\/de\\\/uber-uns\\\/#breadcrumb\",\"itemListElement\":[{\"@type\":\"ListItem\",\"position\":1,\"name\":\"Portada\",\"item\":\"https:\\\/\\\/www.barrilete.es\\\/de\\\/\"},{\"@type\":\"ListItem\",\"position\":2,\"name\":\"\u00dcber uns\"}]},{\"@type\":\"WebSite\",\"@id\":\"https:\\\/\\\/www.barrilete.es\\\/de\\\/#website\",\"url\":\"https:\\\/\\\/www.barrilete.es\\\/de\\\/\",\"name\":\"Barrilete\",\"description\":\"Cervecer\u00eda-pizzer\u00eda en Foz (Lugo)\",\"potentialAction\":[{\"@type\":\"SearchAction\",\"target\":{\"@type\":\"EntryPoint\",\"urlTemplate\":\"https:\\\/\\\/www.barrilete.es\\\/de\\\/?s={search_term_string}\"},\"query-input\":{\"@type\":\"PropertyValueSpecification\",\"valueRequired\":true,\"valueName\":\"search_term_string\"}}],\"inLanguage\":\"de\"}]}<\/script>\n<!-- \/ Yoast SEO plugin. -->","yoast_head_json":{"title":"Restaurante pizzer\u00eda Barrilete | \u00dcber uns | Foz (Lugo)","description":"El restaurante pizzer\u00eda Barrilete: un cl\u00e1sico en las ca\u00f1as y tapas de Foz. Variedad dentro y fuera de carta: arroces, pescados, pizzas, raciones...","robots":{"index":"index","follow":"follow","max-snippet":"max-snippet:-1","max-image-preview":"max-image-preview:large","max-video-preview":"max-video-preview:-1"},"canonical":"https:\/\/www.barrilete.es\/de\/uber-uns\/","og_locale":"de_DE","og_type":"article","og_title":"Restaurante pizzer\u00eda Barrilete | \u00dcber uns | Foz (Lugo)","og_description":"El restaurante pizzer\u00eda Barrilete: un cl\u00e1sico en las ca\u00f1as y tapas de Foz. Variedad dentro y fuera de carta: arroces, pescados, pizzas, raciones...","og_url":"https:\/\/www.barrilete.es\/de\/uber-uns\/","og_site_name":"Barrilete","article_modified_time":"2020-07-04T11:44:25+00:00","twitter_card":"summary_large_image","twitter_misc":{"Gesch\u00e4tzte Lesezeit":"8\u00a0Minuten"},"schema":{"@context":"https:\/\/schema.org","@graph":[{"@type":"WebPage","@id":"https:\/\/www.barrilete.es\/de\/uber-uns\/","url":"https:\/\/www.barrilete.es\/de\/uber-uns\/","name":"Restaurante pizzer\u00eda Barrilete | \u00dcber uns | Foz (Lugo)","isPartOf":{"@id":"https:\/\/www.barrilete.es\/de\/#website"},"datePublished":"2016-07-12T14:22:14+00:00","dateModified":"2020-07-04T11:44:25+00:00","description":"El restaurante pizzer\u00eda Barrilete: un cl\u00e1sico en las ca\u00f1as y tapas de Foz. Variedad dentro y fuera de carta: arroces, pescados, pizzas, raciones...","breadcrumb":{"@id":"https:\/\/www.barrilete.es\/de\/uber-uns\/#breadcrumb"},"inLanguage":"de","potentialAction":[{"@type":"ReadAction","target":["https:\/\/www.barrilete.es\/de\/uber-uns\/"]}]},{"@type":"BreadcrumbList","@id":"https:\/\/www.barrilete.es\/de\/uber-uns\/#breadcrumb","itemListElement":[{"@type":"ListItem","position":1,"name":"Portada","item":"https:\/\/www.barrilete.es\/de\/"},{"@type":"ListItem","position":2,"name":"\u00dcber uns"}]},{"@type":"WebSite","@id":"https:\/\/www.barrilete.es\/de\/#website","url":"https:\/\/www.barrilete.es\/de\/","name":"Barrilete","description":"Cervecer\u00eda-pizzer\u00eda en Foz (Lugo)","potentialAction":[{"@type":"SearchAction","target":{"@type":"EntryPoint","urlTemplate":"https:\/\/www.barrilete.es\/de\/?s={search_term_string}"},"query-input":{"@type":"PropertyValueSpecification","valueRequired":true,"valueName":"search_term_string"}}],"inLanguage":"de"}]}},"_links":{"self":[{"href":"https:\/\/www.barrilete.es\/de\/wp-json\/wp\/v2\/pages\/1554","targetHints":{"allow":["GET"]}}],"collection":[{"href":"https:\/\/www.barrilete.es\/de\/wp-json\/wp\/v2\/pages"}],"about":[{"href":"https:\/\/www.barrilete.es\/de\/wp-json\/wp\/v2\/types\/page"}],"author":[{"embeddable":true,"href":"https:\/\/www.barrilete.es\/de\/wp-json\/wp\/v2\/users\/1"}],"replies":[{"embeddable":true,"href":"https:\/\/www.barrilete.es\/de\/wp-json\/wp\/v2\/comments?post=1554"}],"version-history":[{"count":4,"href":"https:\/\/www.barrilete.es\/de\/wp-json\/wp\/v2\/pages\/1554\/revisions"}],"predecessor-version":[{"id":1649,"href":"https:\/\/www.barrilete.es\/de\/wp-json\/wp\/v2\/pages\/1554\/revisions\/1649"}],"wp:attachment":[{"href":"https:\/\/www.barrilete.es\/de\/wp-json\/wp\/v2\/media?parent=1554"}],"curies":[{"name":"wp","href":"https:\/\/api.w.org\/{rel}","templated":true}]}}